{"id":9324,"date":"2017-12-19T10:59:06","date_gmt":"2017-12-19T14:59:06","guid":{"rendered":"https:\/\/edenorte.com.do\/transparencia\/?page_id=9324"},"modified":"2019-02-15T11:37:28","modified_gmt":"2019-02-15T15:37:28","slug":"formulario-de-solicitud-de-informacion-publica","status":"publish","type":"page","link":"https:\/\/edenorte.com.do\/transparencia\/oficina-de-libre-acceso-a-la-informacion\/formulario-de-solicitud-de-informacion-publica\/","title":{"rendered":"Enlace directo al Portal \u00danico de Solicitud de Acceso a la Informaci\u00f3n P\u00fablica (SAIP)"},"content":{"rendered":"<section class=\"l-section wpb_row height_medium\"><div class=\"l-section-h i-cf\"><div class=\"g-cols offset_small\"><div class=\"vc_col-sm-12 wpb_column\"><div class=\"vc_column-inner\"><div class=\"wpb_text_column \"><div class=\"wpb_wrapper\"><img fetchpriority=\"high\" decoding=\"async\" class=\"aligncenter size-full wp-image-13519\" src=\"https:\/\/edenorte.com.do\/transparencia\/?wpfilebase_thumbnail=1&amp;fid=3838&amp;name=logo-saip.png\" alt=\"\" width=\"442\" height=\"114\" \/><br \/>\n<\/div> <\/div> <\/div><\/div><\/div><\/div><\/section><section class=\"l-section wpb_row height_medium\"><div class=\"l-section-h i-cf\"><div class=\"g-cols offset_small\"><div class=\"vc_col-sm-12 wpb_column\"><div class=\"vc_column-inner\"><div class=\"wpb_text_column \"><div class=\"wpb_wrapper\"><p>A trav\u00e9s de este sistema los ciudadanos pueden realizar sus solicitudes de acceso a la informaci\u00f3n p\u00fablica de forma f\u00e1cil, \u00e1gil y desde cualquier punto de la geograf\u00eda nacional o mundial, salvando con esto los costos de traslado, y acercando por ende el Estado a la sociedad a trav\u00e9s del uso intensivo de las tecnolog\u00edas de la informaci\u00f3n y comunicaci\u00f3n, facilitando el control social, la transparencia, la participaci\u00f3n y colaboraci\u00f3n ciudadanas.<\/p><\/div> <\/div> <div class=\"w-actionbox color_custom controls_bottom\" style=\"color:#4c4c4c;\"><div class=\"w-actionbox-text\"><p>Puede llenar su solicitud en el siguiente enlace:<\/p><\/div><div class=\"w-actionbox-controls\"><a class=\"w-btn color_blue style_solid icon_none\" href=\"https:\/\/www.saip.gob.do\/apps\/sip\/?step=three&organization=instituciones\" target=\"_blank\" title=\"Solicitud de Informaci\u00f3n\"><span class=\"w-btn-label\">Formulario Solicitud de Informaci\u00f3n<\/span><\/a><\/div><\/div><\/div><\/div><\/div><\/div><\/section>\n<div style=\"clear:both;\"><\/div>","protected":false},"excerpt":{"rendered":"A trav\u00e9s de este sistema los ciudadanos pueden realizar sus solicitudes de acceso a la informaci\u00f3n p\u00fablica de forma f\u00e1cil, \u00e1gil y desde cualquier punto de la geograf\u00eda nacional o...","protected":false},"author":15,"featured_media":0,"parent":6104,"menu_order":7,"comment_status":"closed","ping_status":"closed","template":"","meta":{"footnotes":""},"class_list":["post-9324","page","type-page","status-publish","hentry"],"_links":{"self":[{"href":"https:\/\/edenorte.com.do\/transparencia\/wp-json\/wp\/v2\/pages\/9324","targetHints":{"allow":["GET"]}}],"collection":[{"href":"https:\/\/edenorte.com.do\/transparencia\/wp-json\/wp\/v2\/pages"}],"about":[{"href":"https:\/\/edenorte.com.do\/transparencia\/wp-json\/wp\/v2\/types\/page"}],"author":[{"embeddable":true,"href":"https:\/\/edenorte.com.do\/transparencia\/wp-json\/wp\/v2\/users\/15"}],"replies":[{"embeddable":true,"href":"https:\/\/edenorte.com.do\/transparencia\/wp-json\/wp\/v2\/comments?post=9324"}],"version-history":[{"count":29,"href":"https:\/\/edenorte.com.do\/transparencia\/wp-json\/wp\/v2\/pages\/9324\/revisions"}],"predecessor-version":[{"id":361481,"href":"https:\/\/edenorte.com.do\/transparencia\/wp-json\/wp\/v2\/pages\/9324\/revisions\/361481"}],"up":[{"embeddable":true,"href":"https:\/\/edenorte.com.do\/transparencia\/wp-json\/wp\/v2\/pages\/6104"}],"wp:attachment":[{"href":"https:\/\/edenorte.com.do\/transparencia\/wp-json\/wp\/v2\/media?parent=9324"}],"curies":[{"name":"wp","href":"https:\/\/api.w.org\/{rel}","templated":true}]}}