{"id":8,"date":"2013-05-31T08:44:43","date_gmt":"2013-05-31T08:44:43","guid":{"rendered":"http:\/\/impreza.us-themes.net\/"},"modified":"2024-11-26T14:19:52","modified_gmt":"2024-11-26T18:19:52","slug":"sample-page-2","status":"publish","type":"page","link":"https:\/\/edenorte.com.do\/transparencia\/","title":{"rendered":"Inicio"},"content":{"rendered":"<section class=\"l-section wpb_row height_medium\"><div class=\"l-section-h i-cf\"><div class=\"g-cols offset_small\"><div class=\"vc_col-sm-12 wpb_column\"><div class=\"vc_column-inner\"><div class=\"wpb_text_column \"><div class=\"wpb_wrapper\"><img fetchpriority=\"high\" decoding=\"async\" class=\"wp-image-6256\" src=\"https:\/\/edenorte.com.do\/transparencia\/?wpfilebase_thumbnail=1&amp;fid=4703&amp;name=transparencia.jpg\" alt=\"transparencia\" width=\"800\" height=\"320\" \/><\/p>\n<table align=\"center\">\n<tbody>\n<tr>\n<td><a href=\"https:\/\/www.dgcp.gob.do\/\"><br \/>\n<\/a><a href=\"https:\/\/www.dgcp.gob.do\/\" target=\"_blank\" rel=\"noopener\"><img decoding=\"async\" class=\"alignnone\" style=\"width: 250px;\" title=\" Direcci\u00f3n General Contrataciones P\u00fablicas\" src=\"https:\/\/edenorte.com.do\/wp-content\/uploads\/2021\/07\/dgcp.png\" alt=\" Direcci\u00f3n General Contrataciones P\u00fablicas\" width=\"236\" height=\"123\" \/><\/a><\/td>\n<td><a href=\"https:\/\/transparencia.gob.do\/\"><br \/>\n<\/a><a href=\"https:\/\/transparencia.gob.do\/\" target=\"_blank\" rel=\"noopener\"><img decoding=\"async\" class=\"alignnone\" style=\"width: 250px;\" title=\"Portal \u00danico de Transparencia\" src=\"https:\/\/edenorte.com.do\/wp-content\/uploads\/2021\/07\/tfiscal.png\" alt=\"Portal \u00danico de Transparencia\" width=\"236\" height=\"123\" \/><\/a><\/td>\n<td style=\"text-align: center;\"><a href=\"https:\/\/gobiernoabierto.do\/\"><br \/>\n<\/a><a href=\"https:\/\/gobiernoabierto.do\/\" target=\"_blank\" rel=\"noopener\"><img loading=\"lazy\" decoding=\"async\" class=\"alignnone\" style=\"width: 250px;\" title=\"Gobierno Abierto\" src=\"https:\/\/edenorte.com.do\/wp-content\/uploads\/2021\/07\/gabierto.png\" alt=\"Gobierno Abierto\" width=\"236\" height=\"123\" \/><\/a><\/td>\n<\/tr>\n<\/tbody>\n<\/table>\n<p>En este portal interactivo hacemos disponible todo lo requerido en la Ley General de Libre Acceso a la Informaci\u00f3n P\u00fablica\u00a0 Ley 200-04 y el\u00a0 Decreto No. 130-05 que crea el reglamento de la ley.<\/p>\n<p><strong><em>Art\u00edculo 5<\/em>.-<\/strong> \u00abSe dispone la informatizaci\u00f3n y la incorporaci\u00f3n al sistema de comunicaci\u00f3n por Internet, o a cualquier otro sistema similar que en el futuro se establezca, de todos los organismos p\u00fablicos centralizados y descentralizados del Estado, incluyendo el Distrito Nacional y los Municipios, con la finalidad de garantizar a trav\u00e9s de \u00e9ste un acceso directo del p\u00fablico a la informaci\u00f3n del Estado.\u00bb<\/p>\n<p>Todos los poderes y organismos del Estado deber\u00e1n instrumentar la publicaci\u00f3n de sus respectivas \u00abP\u00e1ginas Web\u00bb a los siguientes fines:<\/p>\n<p><strong>\u2022 Difusi\u00f3n de Informaci\u00f3n:\u00a0<\/strong><br \/>\nEstructura, integrantes, normativas de funcionamiento, proyectos, informes de gesti\u00f3n, base de datos;<\/p>\n<p><strong>\u2022 Centro de Intercambio y Atenci\u00f3n al Cliente o Usuario:\u00a0<\/strong><br \/>\nConsultas, quejas y sugerencias;<\/p>\n<p><strong>\u2022 Tr\u00e1mites o Transacciones Bilaterales:\u00a0<\/strong><br \/>\n\u00abLa informaci\u00f3n a que hace referencia el p\u00e1rrafo anterior ser\u00e1 de libre acceso al p\u00fablico sin necesidad de petici\u00f3n previa\u00bb.<\/p>\n<p><em><strong>\u00abNuestro Portal cumple con las especificaciones contempladas en la Ley 200-04, la cual establece la actualizaci\u00f3n permanente de las informaciones ofrecidas en el mismo\u00bb.<\/strong><\/em><\/div> <\/div> <\/div><\/div><\/div><\/div><\/section><section class=\"l-section wpb_row height_medium\"><div class=\"l-section-h i-cf\"><div class=\"g-cols offset_small\"><div class=\"vc_col-sm-12 wpb_column\"><div class=\"vc_column-inner\"><div class=\"wpb_text_column \"><div class=\"wpb_wrapper\"><div id=\"zoom-social-icons-widget-2\" class=\"widget zoom-social-icons-widget amr_widget\">\n\t\t\n<ul class=\"zoom-social-icons-list zoom-social-icons-list--with-canvas zoom-social-icons-list--rounded zoom-social-icons-list--no-labels\">\n\n\t\t\n\t\t\t\t<li class=\"zoom-social_icons-list__item\">\n\t\t<a class=\"zoom-social_icons-list__link\" href=\"https:\/\/www.facebook.com\/edenorte\/\" target=\"_blank\" title=\"Facebook\" >\n\t\t\t\t\t\t\t\t\t\n\t\t\t\t\t\t<span class=\"screen-reader-text\">facebook<\/span>\n\t\t\t\n\t\t\t\t\t\t<span class=\"zoom-social_icons-list-span social-icon socicon socicon-facebook\" data-hover-rule=\"background-color\" data-hover-color=\"#3b5998\" style=\"background-color : #3b5998; font-size: 18px; padding:8px\" ><\/span>\n\t\t\t\n\t\t\t\t\t<\/a>\n\t<\/li>\n\n\t\n\t\t\t\t<li class=\"zoom-social_icons-list__item\">\n\t\t<a class=\"zoom-social_icons-list__link\" href=\"https:\/\/x.com\/edenorterd\" target=\"_blank\" title=\"X\" >\n\t\t\t\t\t\t\t\t\t\n\t\t\t\t\t\t<span class=\"screen-reader-text\">x<\/span>\n\t\t\t\n\t\t\t\t\t\t<span class=\"zoom-social_icons-list-span social-icon socicon socicon-x\" data-hover-rule=\"background-color\" data-hover-color=\"#000\" style=\"background-color : #000; font-size: 18px; padding:8px\" ><\/span>\n\t\t\t\n\t\t\t\t\t<\/a>\n\t<\/li>\n\n\t\n\t\t\t\t<li class=\"zoom-social_icons-list__item\">\n\t\t<a class=\"zoom-social_icons-list__link\" href=\"https:\/\/www.youtube.com\/user\/edenortedominicana\/feed\" target=\"_blank\" title=\"YouTube\" >\n\t\t\t\t\t\t\t\t\t\n\t\t\t\t\t\t<span class=\"screen-reader-text\">youtube<\/span>\n\t\t\t\n\t\t\t\t\t\t<span class=\"zoom-social_icons-list-span social-icon socicon socicon-youtube\" data-hover-rule=\"background-color\" data-hover-color=\"#e02a20\" style=\"background-color : #e02a20; font-size: 18px; padding:8px\" ><\/span>\n\t\t\t\n\t\t\t\t\t<\/a>\n\t<\/li>\n\n\t\n\t\t\t\t<li class=\"zoom-social_icons-list__item\">\n\t\t<a class=\"zoom-social_icons-list__link\" href=\"https:\/\/www.instagram.com\/edenortedominicanard\/\" target=\"_blank\" title=\"Instagram\" >\n\t\t\t\t\t\t\t\t\t\n\t\t\t\t\t\t<span class=\"screen-reader-text\">instagram<\/span>\n\t\t\t\n\t\t\t\t\t\t<span class=\"zoom-social_icons-list-span social-icon socicon socicon-instagram\" data-hover-rule=\"background-color\" data-hover-color=\"#E1306C\" style=\"background-color : #E1306C; font-size: 18px; padding:8px\" ><\/span>\n\t\t\t\n\t\t\t\t\t<\/a>\n\t<\/li>\n\n\t\n\t\t\t\t<li class=\"zoom-social_icons-list__item\">\n\t\t<a class=\"zoom-social_icons-list__link\" href=\"https:\/\/api.whatsapp.com\/send?phone=18095831844&#038;text=Hola,%20EDENORTE:\" target=\"_blank\" title=\"WhatsApp\" >\n\t\t\t\t\t\t\t\t\t\n\t\t\t\t\t\t<span class=\"screen-reader-text\">whatsapp<\/span>\n\t\t\t\n\t\t\t\t\t\t<span class=\"zoom-social_icons-list-span social-icon socicon socicon-whatsapp\" data-hover-rule=\"background-color\" data-hover-color=\"#20B038\" style=\"background-color : #20B038; font-size: 18px; padding:8px\" ><\/span>\n\t\t\t\n\t\t\t\t\t<\/a>\n\t<\/li>\n\n\t\n<\/ul>\n\n\t\t<\/div><\/div> <\/div> <\/div><\/div><\/div><\/div><\/section>\n<div style=\"clear:both;\"><\/div>","protected":false},"excerpt":{"rendered":"En este portal interactivo hacemos disponible todo lo requerido en la Ley General de Libre Acceso a la Informaci\u00f3n P\u00fablica\u00a0 Ley 200-04 y el\u00a0 Decreto No. 130-05 que crea el...","protected":false},"author":31,"featured_media":0,"parent":0,"menu_order":0,"comment_status":"closed","ping_status":"closed","template":"","meta":{"footnotes":""},"class_list":["post-8","page","type-page","status-publish","hentry"],"_links":{"self":[{"href":"https:\/\/edenorte.com.do\/transparencia\/wp-json\/wp\/v2\/pages\/8","targetHints":{"allow":["GET"]}}],"collection":[{"href":"https:\/\/edenorte.com.do\/transparencia\/wp-json\/wp\/v2\/pages"}],"about":[{"href":"https:\/\/edenorte.com.do\/transparencia\/wp-json\/wp\/v2\/types\/page"}],"author":[{"embeddable":true,"href":"https:\/\/edenorte.com.do\/transparencia\/wp-json\/wp\/v2\/users\/31"}],"replies":[{"embeddable":true,"href":"https:\/\/edenorte.com.do\/transparencia\/wp-json\/wp\/v2\/comments?post=8"}],"version-history":[{"count":161,"href":"https:\/\/edenorte.com.do\/transparencia\/wp-json\/wp\/v2\/pages\/8\/revisions"}],"predecessor-version":[{"id":1034637,"href":"https:\/\/edenorte.com.do\/transparencia\/wp-json\/wp\/v2\/pages\/8\/revisions\/1034637"}],"wp:attachment":[{"href":"https:\/\/edenorte.com.do\/transparencia\/wp-json\/wp\/v2\/media?parent=8"}],"curies":[{"name":"wp","href":"https:\/\/api.w.org\/{rel}","templated":true}]}}