{"id":6140,"date":"2016-07-10T16:57:42","date_gmt":"2016-07-10T20:57:42","guid":{"rendered":"http:\/\/localhost:8080\/edenorte\/transparencia\/?page_id=6140"},"modified":"2026-02-23T14:31:47","modified_gmt":"2026-02-23T18:31:47","slug":"contratacion-menor","status":"publish","type":"page","link":"https:\/\/edenorte.com.do\/transparencia\/contratacion-menor\/","title":{"rendered":"Contrataci\u00f3n Menor"},"content":{"rendered":"<section class=\"l-section wpb_row height_medium\"><div class=\"l-section-h i-cf\"><div class=\"g-cols offset_small\"><div class=\"vc_col-sm-12 wpb_column\"><div class=\"vc_column-inner\"><div class=\"w-message with_icon type_info\"><div class=\"w-message-icon\"><i class=\"fa fa-check-square-o\"><\/i><\/div><div class=\"w-message-body\"><p><strong>Actualizaci\u00f3n en la Visualizaci\u00f3n de Documentos<\/strong><\/p>\n<p>Estamos realizando cambios en c\u00f3mo se muestran los documentos en nuestro sitio web. A partir de <strong>noviembre de 2024,<\/strong> la visualizaci\u00f3n ser\u00e1 diferente para mejorar tu experiencia y facilitar el acceso a la informaci\u00f3n.<\/p>\n<p>Agradecemos tu comprensi\u00f3n. Si tienes preguntas, cont\u00e1ctanos para m\u00e1s detalles.<\/p>\n<\/p><\/div><\/div><\/div><\/div><\/div><\/div><\/section><section class=\"l-section wpb_row height_medium\"><div class=\"l-section-h i-cf\"><div class=\"g-cols offset_small\"><div class=\"vc_col-sm-12 wpb_column\"><div class=\"vc_column-inner\"><script type=\"text\/javascript\" src=\"https:\/\/code.jquery.com\/jquery-2.2.4.min.js?ver=2.2.s\" id=\"jquery-js\"><\/script>\n<script type=\"text\/javascript\" src=\"https:\/\/edenorte.com.do\/transparencia\/wp-content\/plugins\/wp-filebase-pro\/extras\/jquery\/treeview\/jquery.treeview-async-edit.min.js?ver=3.4.32\" id=\"wpfb-treeview-js\"><\/script>\n<link rel='stylesheet' id='wpfb-treeview-css' href='https:\/\/edenorte.com.do\/transparencia\/wp-content\/plugins\/wp-filebase-pro\/extras\/jquery\/treeview\/jquery.treeview.css?ver=3.4.32' type='text\/css' media='all' \/>\n        <script type=\"text\/javascript\">\r\n            \/\/<![CDATA[\r\n            function wpfb_initfbbd83ab4a187d491d1b4b59994381e2f0() {\r\n                jQuery(\"#wpfb-filebrowser-1\").treeview(wpfb_fbsetsbd83ab4a187d491d1b4b59994381e2f0 = {\r\n                    url: \"\/\/edenorte.com.do\/transparencia\/?wpfilebase_ajax=1\",\r\n                    ajax: {\r\n                        data:{\"private\":0,\"sort\":{\"file\":null,\"cat\":null},\"wpfb_action\":\"tree\",\"type\":\"browser\",\"base\":263},\r\n                        type: \"post\",\r\n                        error: function (x, status, error) {\r\n                            if (error) alert(error);\r\n                        },\r\n                        complete: function (x, status) {\r\n                            if (typeof (wpfb_setupLinks) == 'function') wpfb_setupLinks();\r\n                        }\r\n                    },\r\n                    animated: \"medium\"\r\n                }).data(\"settings\", wpfb_fbsetsbd83ab4a187d491d1b4b59994381e2f0);\r\n            }\r\n            jQuery(document).ready(function () {\r\n                var fel = jQuery(\"#wpfb-filebrowser-1\");\r\n                if ('function' != typeof fel.treeview) {\r\n                    jQuery.when(\r\n                                                jQuery.getScript('https:\/\/edenorte.com.do\/transparencia\/wp-content\/plugins\/wp-filebase-pro\/extras\/jquery\/treeview\/jquery.treeview-async-edit.min.js'),\r\n                                                jQuery.Deferred(function (deferred) {\r\n                            jQuery(deferred.resolve);\r\n                        })\r\n                    ).done(function () {\r\n                        wpfb_initfbbd83ab4a187d491d1b4b59994381e2f0();\r\n                    });\r\n                } else {\r\n                    wpfb_initfbbd83ab4a187d491d1b4b59994381e2f0();\r\n                }\r\n            });\r\n            \/\/]]>\r\n        <\/script>\r\n        <div class=\"wpb_text_column \"><div class=\"wpb_wrapper\"><ul id=\"wpfb-filebrowser-1\" class=\"treeview\"><li id=\"wpfb-cat-6568\" class=\"hasChildren\"><span class=\"cat\"><img decoding=\"async\" src=\"https:\/\/edenorte.com.do\/transparencia\/wp-content\/plugins\/wp-filebase-pro\/images\/folder-icons\/folder_cyan48.png\" alt=\"Icon of 2026\" style=\"width:auto;height:40px;vertical-align:middle;\" \/> <a href=\"https:\/\/edenorte.com.do\/transparencia\/contratacion-menor\/?wpfb_cat=6568#wpfb-cat-6568\" onclick=\"return false;\">2026<\/a><div><\/div>\r\n\r\n<\/span><ul>\n<li><span class=\"placeholder\">&nbsp;<\/span><\/li>\n<\/ul>\n<\/li>\n<li id=\"wpfb-cat-6258\" class=\"hasChildren\"><span class=\"cat\"><img decoding=\"async\" src=\"https:\/\/edenorte.com.do\/transparencia\/wp-content\/plugins\/wp-filebase-pro\/images\/folder-icons\/folder_cyan48.png\" alt=\"Icon of 2025\" style=\"width:auto;height:40px;vertical-align:middle;\" \/> <a href=\"https:\/\/edenorte.com.do\/transparencia\/contratacion-menor\/?wpfb_cat=6258#wpfb-cat-6258\" onclick=\"return false;\">2025<\/a><div><\/div>\r\n\r\n<\/span><ul>\n<li><span class=\"placeholder\">&nbsp;<\/span><\/li>\n<\/ul>\n<\/li>\n<li id=\"wpfb-cat-4983\" class=\"hasChildren\"><span class=\"cat\"><img decoding=\"async\" src=\"https:\/\/edenorte.com.do\/transparencia\/wp-content\/plugins\/wp-filebase-pro\/images\/folder-icons\/folder_cyan48.png\" alt=\"Icon of 2024\" style=\"width:auto;height:40px;vertical-align:middle;\" \/> <a href=\"https:\/\/edenorte.com.do\/transparencia\/contratacion-menor\/?wpfb_cat=4983#wpfb-cat-4983\" onclick=\"return false;\">2024<\/a><div><\/div>\r\n\r\n<\/span><ul>\n<li><span class=\"placeholder\">&nbsp;<\/span><\/li>\n<\/ul>\n<\/li>\n<li id=\"wpfb-cat-4151\" class=\"hasChildren\"><span class=\"cat\"><img decoding=\"async\" src=\"https:\/\/edenorte.com.do\/transparencia\/wp-content\/plugins\/wp-filebase-pro\/images\/folder-icons\/folder_cyan48.png\" alt=\"Icon of 2023\" style=\"width:auto;height:40px;vertical-align:middle;\" \/> <a href=\"https:\/\/edenorte.com.do\/transparencia\/contratacion-menor\/?wpfb_cat=4151#wpfb-cat-4151\" onclick=\"return false;\">2023<\/a><div><\/div>\r\n\r\n<\/span><ul>\n<li><span class=\"placeholder\">&nbsp;<\/span><\/li>\n<\/ul>\n<\/li>\n<li id=\"wpfb-cat-3613\" class=\"hasChildren\"><span class=\"cat\"><img decoding=\"async\" src=\"https:\/\/edenorte.com.do\/transparencia\/wp-content\/plugins\/wp-filebase-pro\/images\/folder-icons\/folder_cyan48.png\" alt=\"Icon of 2022\" style=\"width:auto;height:40px;vertical-align:middle;\" \/> <a href=\"https:\/\/edenorte.com.do\/transparencia\/contratacion-menor\/?wpfb_cat=3613#wpfb-cat-3613\" onclick=\"return false;\">2022<\/a><div><\/div>\r\n\r\n<\/span><ul>\n<li><span class=\"placeholder\">&nbsp;<\/span><\/li>\n<\/ul>\n<\/li>\n<li id=\"wpfb-cat-2911\" class=\"hasChildren\"><span class=\"cat\"><img decoding=\"async\" src=\"https:\/\/edenorte.com.do\/transparencia\/wp-content\/plugins\/wp-filebase-pro\/images\/folder-icons\/folder_cyan48.png\" alt=\"Icon of 2021\" style=\"width:auto;height:40px;vertical-align:middle;\" \/> <a href=\"https:\/\/edenorte.com.do\/transparencia\/contratacion-menor\/?wpfb_cat=2911#wpfb-cat-2911\" onclick=\"return false;\">2021<\/a><div><\/div>\r\n\r\n<\/span><ul>\n<li><span class=\"placeholder\">&nbsp;<\/span><\/li>\n<\/ul>\n<\/li>\n<li id=\"wpfb-cat-2360\" class=\"hasChildren\"><span class=\"cat\"><img decoding=\"async\" src=\"https:\/\/edenorte.com.do\/transparencia\/wp-content\/plugins\/wp-filebase-pro\/images\/folder-icons\/folder_cyan48.png\" alt=\"Icon of 2020\" style=\"width:auto;height:40px;vertical-align:middle;\" \/> <a href=\"https:\/\/edenorte.com.do\/transparencia\/contratacion-menor\/?wpfb_cat=2360#wpfb-cat-2360\" onclick=\"return false;\">2020<\/a><div><\/div>\r\n\r\n<\/span><ul>\n<li><span class=\"placeholder\">&nbsp;<\/span><\/li>\n<\/ul>\n<\/li>\n<li id=\"wpfb-cat-1360\" class=\"hasChildren\"><span class=\"cat\"><img decoding=\"async\" src=\"https:\/\/edenorte.com.do\/transparencia\/wp-content\/plugins\/wp-filebase-pro\/images\/folder-icons\/folder_cyan48.png\" alt=\"Icon of 2019\" style=\"width:auto;height:40px;vertical-align:middle;\" \/> <a href=\"https:\/\/edenorte.com.do\/transparencia\/contratacion-menor\/?wpfb_cat=1360#wpfb-cat-1360\" onclick=\"return false;\">2019<\/a><div><\/div>\r\n\r\n<\/span><ul>\n<li><span class=\"placeholder\">&nbsp;<\/span><\/li>\n<\/ul>\n<\/li>\n<li id=\"wpfb-cat-267\" class=\"hasChildren\"><span class=\"cat\"><img decoding=\"async\" src=\"https:\/\/edenorte.com.do\/transparencia\/wp-content\/plugins\/wp-filebase-pro\/images\/folder-icons\/folder_cyan48.png\" alt=\"Icon of 2018\" style=\"width:auto;height:40px;vertical-align:middle;\" \/> <a href=\"https:\/\/edenorte.com.do\/transparencia\/contratacion-menor\/?wpfb_cat=267#wpfb-cat-267\" onclick=\"return false;\">2018<\/a><div><\/div>\r\n\r\n<\/span><ul>\n<li><span class=\"placeholder\">&nbsp;<\/span><\/li>\n<\/ul>\n<\/li>\n<li id=\"wpfb-cat-630\" class=\"hasChildren\"><span class=\"cat\"><img decoding=\"async\" src=\"https:\/\/edenorte.com.do\/transparencia\/wp-content\/plugins\/wp-filebase-pro\/images\/folder-icons\/folder_cyan48.png\" alt=\"Icon of 2017\" style=\"width:auto;height:40px;vertical-align:middle;\" \/> <a href=\"https:\/\/edenorte.com.do\/transparencia\/contratacion-menor\/?wpfb_cat=630#wpfb-cat-630\" onclick=\"return false;\">2017<\/a><div><\/div>\r\n\r\n<\/span><ul>\n<li><span class=\"placeholder\">&nbsp;<\/span><\/li>\n<\/ul>\n<\/li>\n<li id=\"wpfb-cat-0\" class=\"\"><span class=\"add-item\"><\/span><\/li>\n<\/ul><div style=\"clear:both;\"><\/div><\/div> <\/div> <\/div><\/div><\/div><\/div><\/section>\n<div style=\"clear:both;\"><\/div>","protected":false},"excerpt":{"rendered":"Actualizaci\u00f3n en la Visualizaci\u00f3n de Documentos Estamos realizando cambios en c\u00f3mo se muestran los documentos en nuestro sitio web. A partir de noviembre de 2024, la visualizaci\u00f3n ser\u00e1 diferente para...","protected":false},"author":15,"featured_media":0,"parent":0,"menu_order":0,"comment_status":"closed","ping_status":"closed","template":"","meta":{"footnotes":""},"class_list":["post-6140","page","type-page","status-publish","hentry"],"_links":{"self":[{"href":"https:\/\/edenorte.com.do\/transparencia\/wp-json\/wp\/v2\/pages\/6140","targetHints":{"allow":["GET"]}}],"collection":[{"href":"https:\/\/edenorte.com.do\/transparencia\/wp-json\/wp\/v2\/pages"}],"about":[{"href":"https:\/\/edenorte.com.do\/transparencia\/wp-json\/wp\/v2\/types\/page"}],"author":[{"embeddable":true,"href":"https:\/\/edenorte.com.do\/transparencia\/wp-json\/wp\/v2\/users\/15"}],"replies":[{"embeddable":true,"href":"https:\/\/edenorte.com.do\/transparencia\/wp-json\/wp\/v2\/comments?post=6140"}],"version-history":[{"count":51,"href":"https:\/\/edenorte.com.do\/transparencia\/wp-json\/wp\/v2\/pages\/6140\/revisions"}],"predecessor-version":[{"id":1034893,"href":"https:\/\/edenorte.com.do\/transparencia\/wp-json\/wp\/v2\/pages\/6140\/revisions\/1034893"}],"wp:attachment":[{"href":"https:\/\/edenorte.com.do\/transparencia\/wp-json\/wp\/v2\/media?parent=6140"}],"curies":[{"name":"wp","href":"https:\/\/api.w.org\/{rel}","templated":true}]}}