{"id":6128,"date":"2016-07-10T16:55:57","date_gmt":"2016-07-10T20:55:57","guid":{"rendered":"http:\/\/localhost:8080\/edenorte\/transparencia\/?page_id=6128"},"modified":"2021-06-04T13:06:39","modified_gmt":"2021-06-04T17:06:39","slug":"como-registrarse-como-proveedor-del-estado","status":"publish","type":"page","link":"https:\/\/edenorte.com.do\/transparencia\/como-registrarse-como-proveedor-del-estado\/","title":{"rendered":"C\u00f3mo registrarse como proveedor del Estado"},"content":{"rendered":"<p>Los proveedores interesados en ofrecer bienes y servicios a la Oficina Presidencial de Tecnolog\u00edas de la Informaci\u00f3n y Comunicaci\u00f3n (OPTIC) deben cumplir con los siguientes requisitos:<\/p>\n<ol>\n<li>Contar con el Registro de Proveedores del Estado (RPE), seg\u00fan lo establecido en el portal de la Direcci\u00f3n General de Contrataciones P\u00fablicas.<\/li>\n<li>Estar al d\u00eda en el pago de sus obligaciones fiscales.<\/li>\n<li>Depositar en el Departamento de Compras* un Portafolio de Negocios que incluya:\n<ul>\n<li>Descripci\u00f3n de la empresa<\/li>\n<li>Bienes y servicios ofrecidos<\/li>\n<li>Servicios de valor a\u00f1adido<\/li>\n<li>Experiencia en el mercado<\/li>\n<li>Referencias comerciales<\/li>\n<li>T\u00e9rminos de pago<\/li>\n<li>T\u00e9rminos de entrega<\/li>\n<\/ul>\n<\/li>\n<li>Participar de los procesos de las compras y contrataciones publicados a trav\u00e9s de este portal y la Direcci\u00f3n General de Contrataciones P\u00fablicas y en el portal de nuestra instituci\u00f3n en la secci\u00f3n de transparencia.<\/li>\n<\/ol>\n<ul>\n<li><strong>Formulario inscripci\u00f3n registro de proveedores<\/strong>\n<ul>\n<li><a href=\"https:\/\/www.dgcp.gob.do\/wp-content\/uploads\/servicios\/inscripcion-actualizacion-en-el-registro-de-proveedores.pdf\" target=\"_blank\" rel=\"noopener noreferrer\">https:\/\/www.dgcp.gob.do\/wp-content\/uploads\/servicios\/inscripcion-actualizacion-en-el-registro-de-proveedores.pdf<\/a><\/li>\n<\/ul>\n<\/li>\n<li><strong>Requisitos para inscribirse como proveedor<\/strong>\n<ul>\n<li><a href=\"https:\/\/www.dgcp.gob.do\/servicios\/registro-de-proveedores\/requisitos-para-inscribirse\/\" target=\"_blank\" rel=\"noopener noreferrer\">https:\/\/www.dgcp.gob.do\/servicios\/registro-de-proveedores\/requisitos-para-inscribirse\/<\/a><\/li>\n<\/ul>\n<\/li>\n<\/ul>\n<div style=\"clear:both;\"><\/div>","protected":false},"excerpt":{"rendered":"<p>Los proveedores interesados en ofrecer bienes y servicios a la Oficina Presidencial de Tecnolog\u00edas de la Informaci\u00f3n y Comunicaci\u00f3n (OPTIC) deben cumplir con los siguientes requisitos: Contar con el Registro&#8230;<\/p>\n","protected":false},"author":15,"featured_media":0,"parent":0,"menu_order":0,"comment_status":"closed","ping_status":"closed","template":"","meta":{"footnotes":""},"class_list":["post-6128","page","type-page","status-publish","hentry"],"_links":{"self":[{"href":"https:\/\/edenorte.com.do\/transparencia\/wp-json\/wp\/v2\/pages\/6128","targetHints":{"allow":["GET"]}}],"collection":[{"href":"https:\/\/edenorte.com.do\/transparencia\/wp-json\/wp\/v2\/pages"}],"about":[{"href":"https:\/\/edenorte.com.do\/transparencia\/wp-json\/wp\/v2\/types\/page"}],"author":[{"embeddable":true,"href":"https:\/\/edenorte.com.do\/transparencia\/wp-json\/wp\/v2\/users\/15"}],"replies":[{"embeddable":true,"href":"https:\/\/edenorte.com.do\/transparencia\/wp-json\/wp\/v2\/comments?post=6128"}],"version-history":[{"count":10,"href":"https:\/\/edenorte.com.do\/transparencia\/wp-json\/wp\/v2\/pages\/6128\/revisions"}],"predecessor-version":[{"id":1026012,"href":"https:\/\/edenorte.com.do\/transparencia\/wp-json\/wp\/v2\/pages\/6128\/revisions\/1026012"}],"wp:attachment":[{"href":"https:\/\/edenorte.com.do\/transparencia\/wp-json\/wp\/v2\/media?parent=6128"}],"curies":[{"name":"wp","href":"https:\/\/api.w.org\/{rel}","templated":true}]}}