{"id":6126,"date":"2016-07-10T16:55:36","date_gmt":"2016-07-10T20:55:36","guid":{"rendered":"http:\/\/localhost:8080\/edenorte\/transparencia\/?page_id=6126"},"modified":"2021-06-09T16:52:09","modified_gmt":"2021-06-09T20:52:09","slug":"lista-de-proveedores","status":"publish","type":"page","link":"https:\/\/edenorte.com.do\/transparencia\/lista-de-proveedores\/","title":{"rendered":"Lista de proveedores"},"content":{"rendered":"<section class=\"l-section wpb_row height_medium\"><div class=\"l-section-h i-cf\"><div class=\"g-cols offset_small\"><div class=\"vc_col-sm-12 wpb_column\"><div class=\"vc_column-inner\"><div class=\"w-message with_icon type_custom\" style=\"background-color:#8cc481;\"><div class=\"w-message-icon\"><i class=\"fa fa-check-square-o\"><\/i><\/div><div class=\"w-message-body\"><p>En cumplimiento con las disposiciones de la Ley 340-06 sobre Compras y Contrataciones, EDENORTE Dominicana\u00a0utiliza \u00fanica y exclusivamente los proveedores calificados por la Direcci\u00f3n General de Contrataciones P\u00fablicas, a trav\u00e9s del Registro de Proveedores del Estado (RPE).<\/p>\n<p>Para consultar los Proveedores Calificados de ofrecer bienes y servicios, favor consultar el siguiente enlace haciendo click en el mismo.<\/p>\n<p><a href=\"https:\/\/acceso.comprasdominicana.gov.do\/compras\/proveedores\/consulta\/consulta.jsp\" target=\"_blank\" rel=\"noopener\"><strong><em>https:\/\/acceso.comprasdominicana.gov.do\/compras\/proveedores\/consulta\/consulta.jsp<\/em>.<\/strong><\/a><br \/>\n<\/p><\/div><\/div><\/div><\/div><\/div><\/div><\/section><section class=\"l-section wpb_row height_medium\"><div class=\"l-section-h i-cf\"><div class=\"g-cols offset_small\"><div class=\"vc_col-sm-12 wpb_column\"><div class=\"vc_column-inner\">[vc_empty_space]<\/div><\/div><\/div><\/div><\/section><section class=\"l-section wpb_row height_medium\"><div class=\"l-section-h i-cf\"><div class=\"g-cols offset_small\"><div class=\"vc_col-sm-12 wpb_column\"><div class=\"vc_column-inner\"><div class=\"w-message type_info\"><div class=\"w-message-body\"><section class=\"l-section wpb_row height_medium\"><div class=\"l-section-h i-cf\"><div class=\"g-cols offset_small\"><\/div><\/div><\/section><div class=\"vc_col-sm-12 wpb_column\"><div class=\"vc_column-inner\"><\/div><\/div><div class=\"w-message with_icon type_info\"><div class=\"w-message-icon\"><i class=\"fa fa-check-square-o\"><\/i><\/div><div class=\"w-message-body\"><p><\/p><\/div><\/div>Si no puede visualizar nuestros documentos, es posible que necesite alguno de los siguientes programas:<\/p>\n<ul>\n<li>Para Documentos en Pdf:\n<ol>\n<li><a href=\"https:\/\/get.adobe.com\/es\/reader\/\" target=\"_blank\" rel=\"noopener\">Adobe Reader <\/a><\/li>\n<\/ol>\n<\/li>\n<li>Para Documentos en Doc, Excel, Ods, Csv, entre otros tipos:\n<ol>\n<li><a href=\"https:\/\/support.microsoft.com\/es-es\/office\/obtenga-acceso-r%c3%a1pido-a-sus-archivos-de-office-en-el-explorador-dc1024b4-92be-46eb-81a7-aea85368baa0?ui=es-es&#038;rs=es-es&#038;ad=es\" target=\"_blank\" rel=\"noopener\">Microsoft Office:<\/a> <a href=\"https:\/\/chrome.google.com\/webstore\/detail\/office\/ndjpnladcallmjemlbaebfadecfhkepb?hl=es-419\" target=\"_blank\" rel=\"noopener\">Extensi\u00f3n para Chrome<\/a> &#8211;\u00a0<a href=\"https:\/\/www.microsoft.com\/es-us\/p\/office-online\/9nblggh4v88g?activetab=pivot%3aoverviewtab\" target=\"_blank\" rel=\"noopener\">Extensi\u00f3n para\u00a0 Microsoft Edge.<\/a><\/li>\n<li><a href=\"https:\/\/www.google.com\/intl\/es\/docs\/about\/\" target=\"_blank\" rel=\"noopener\">Google Documentos<\/a>.<\/li>\n<\/ol>\n<\/li>\n<\/ul>\n<\/p><\/div><\/div><\/div><\/div><\/div><\/div><\/section>\n<div style=\"clear:both;\"><\/div>","protected":false},"excerpt":{"rendered":"En cumplimiento con las disposiciones de la Ley 340-06 sobre Compras y Contrataciones, EDENORTE Dominicana\u00a0utiliza \u00fanica y exclusivamente los proveedores calificados por la Direcci\u00f3n General de Contrataciones P\u00fablicas, a trav\u00e9s...","protected":false},"author":15,"featured_media":0,"parent":0,"menu_order":0,"comment_status":"closed","ping_status":"closed","template":"","meta":{"footnotes":""},"class_list":["post-6126","page","type-page","status-publish","hentry"],"_links":{"self":[{"href":"https:\/\/edenorte.com.do\/transparencia\/wp-json\/wp\/v2\/pages\/6126","targetHints":{"allow":["GET"]}}],"collection":[{"href":"https:\/\/edenorte.com.do\/transparencia\/wp-json\/wp\/v2\/pages"}],"about":[{"href":"https:\/\/edenorte.com.do\/transparencia\/wp-json\/wp\/v2\/types\/page"}],"author":[{"embeddable":true,"href":"https:\/\/edenorte.com.do\/transparencia\/wp-json\/wp\/v2\/users\/15"}],"replies":[{"embeddable":true,"href":"https:\/\/edenorte.com.do\/transparencia\/wp-json\/wp\/v2\/comments?post=6126"}],"version-history":[{"count":26,"href":"https:\/\/edenorte.com.do\/transparencia\/wp-json\/wp\/v2\/pages\/6126\/revisions"}],"predecessor-version":[{"id":1026082,"href":"https:\/\/edenorte.com.do\/transparencia\/wp-json\/wp\/v2\/pages\/6126\/revisions\/1026082"}],"wp:attachment":[{"href":"https:\/\/edenorte.com.do\/transparencia\/wp-json\/wp\/v2\/media?parent=6126"}],"curies":[{"name":"wp","href":"https:\/\/api.w.org\/{rel}","templated":true}]}}