{"id":6112,"date":"2016-07-10T16:48:54","date_gmt":"2016-07-10T20:48:54","guid":{"rendered":"http:\/\/localhost:8080\/edenorte\/transparencia\/?page_id=6112"},"modified":"2021-12-10T16:46:12","modified_gmt":"2021-12-10T20:46:12","slug":"declaracion-jurada-de-patrimonio","status":"publish","type":"page","link":"https:\/\/edenorte.com.do\/transparencia\/declaracion-jurada-de-patrimonio\/","title":{"rendered":"Declaraci\u00f3n Jurada de Patrimonio"},"content":{"rendered":"<p>LOS DATOS PERSONALES HAN SIDO PROTEGIDOS DE CONFORMIDAD CON EL ART.18 DE LA LEY 200-04 DE LIBRE ACCESO INFORMACI\u00d3N P\u00daBLICA, DF 28 DE JULIO DE 2004 Y EL ART. 28 DE SU REGLAMENTO DE APLICACI\u00d3N, APROBADO MEDIANTE DECRETO 130-05, DF 25 DE FEBRERO DE 2005.<\/p>\n<p style=\"text-align: center;\"><a href=\"https:\/\/djurada.camaradecuentas.gob.do\/DJP_OJO_CIUDADANO\/pgReportesDJPExternos.aspx\" class=\"su-button su-button-style-glass\" style=\"color:#FFFFFF;background-color:#2D89EF;border-color:#246ec0;border-radius:5px\" target=\"_blank\" rel=\"nofollow\" title=\"C\u00e1mara de Cuenta de la Rep\u00fablica Dominicana\"><span style=\"color:#FFFFFF;padding:6px 16px;font-size:13px;line-height:20px;border-color:#6cadf4;border-radius:5px;text-shadow:none\"><i class=\"sui sui-mouse-pointer\" style=\"font-size:13px;color:#00A6CE\"><\/i> Consulta Declaraci\u00f3n<small style=\"padding-bottom:6px;color:#FFFFFF\">C\u00e1mara de Cuenta de la Rep\u00fablica Dominicana<\/small><\/span><\/a>\n<link rel='stylesheet' id='wpfb-datatables-css' href='https:\/\/cdn.datatables.net\/v\/dt\/dt-1.10.12\/b-1.2.2\/b-colvis-1.2.2\/cr-1.3.2\/fh-3.1.2\/r-2.1.0\/sc-1.4.2\/datatables.min.css?ver=1' type='text\/css' media='all' \/>\n\r\n        \r\n\r\n        <table id=\"wpfb-datatable-1\" class=\"display\" cellspacing=\"0\" width=\"100%\">\r\n            <thead>\r\n            <tr><th>NOMBRE DEL FUNCIONARIO<\/th><th>FUNCIONES O CARGO<\/th><th>DECRETO O ASIGNACI\u00d3N<\/th><\/tr>\r\n            <\/thead>\r\n            <tfoot>\r\n            <tr><th>NOMBRE DEL FUNCIONARIO<\/th><th>FUNCIONES O CARGO<\/th><th>DECRETO O ASIGNACI\u00d3N<\/th><\/tr>\r\n            <\/tfoot>\r\n        <\/table>\r\n        <style>\r\n            .dataTables_filter input[type=\"search\"] {\r\n                width: auto;\r\n            }\r\n        <\/style>\r\n        <script type=\"application\/javascript\">\r\n            jQuery(document).ready(function ($) {\r\n                var dtModel = {};\r\n                dtModel = {\"processing\":true,\"serverSide\":true,\"ajax\":{\"url\":\"\\\/\\\/edenorte.com.do\\\/transparencia\\\/?wpfilebase_ajax=1\",\"data\":{\"wpfb_action\":\"datatable\",\"columns\":[\"file_display_name\",\"file_custom_cf1\",\"file_custom_cf2\"],\"cat_ids\":[\"3438\",\"838\",\"840\",\"839\"],\"filter\":null}},\"columns\":[{\"data\":0,\"render\":\"render.fileUrl\"},{\"data\":1},{\"data\":2}]};\r\n                var id = 0;\r\n                id = 1;\r\n\r\n                var catIds = dtModel.ajax.data.cat_ids || [];\r\n\r\n                var ajaxData = dtModel.ajax.data;\r\n                dtModel.ajax.data = function (d) {\r\n                    Object.assign(d, ajaxData);\r\n                    \/\/return ajaxData;\r\n                };\r\n\r\n\r\n                var render = {\r\n                    fileUrl: function (data, type, row) {\r\n                        if (type != 'display')\r\n                            return data;\r\n                        return '<a href=\"' + row.url + '\">' + data + '<\/a>';\r\n                    },\r\n                };\r\n\r\n                var translations = {};\r\n                translations = {\"es\":\"\\\/\\\/cdn.datatables.net\\\/plug-ins\\\/1.10.12\\\/i18n\\\/Spanish.json\",\"de\":\"\\\/\\\/cdn.datatables.net\\\/plug-ins\\\/1.10.12\\\/i18n\\\/German.json\",\"fr\":\"\\\/\\\/cdn.datatables.net\\\/plug-ins\\\/1.10.12\\\/i18n\\\/French.json\",\"it\":\"\\\/\\\/cdn.datatables.net\\\/plug-ins\\\/1.10.12\\\/i18n\\\/Italian.json\",\"pt-br\":\"\\\/\\\/cdn.datatables.net\\\/plug-ins\\\/1.10.12\\\/i18n\\\/Portuguese-Brasil.json\",\"pt\":\"\\\/\\\/cdn.datatables.net\\\/plug-ins\\\/1.10.12\\\/i18n\\\/Portuguese.json\",\"ru\":\"\\\/\\\/cdn.datatables.net\\\/plug-ins\\\/1.10.12\\\/i18n\\\/Russian.json\"};\r\n                var lang = navigator.language || navigator.userLanguage;\r\n                var translationUrl = translations[lang] || translations[lang.substr(0, 2)] || false;\r\n\r\n                if (translationUrl) {\r\n                    dtModel.language = {url: translationUrl};\r\n                }\r\n\r\n                \/\/ parse the renderer functions\r\n                for (var i = 0; i < dtModel.columns.length; i++) {\r\n                    if (dtModel.columns[i].render)\r\n                        dtModel.columns[i].render = eval('(' + dtModel.columns[i].render + ')');\r\n                }\r\n\r\n                \/\/console.log(dtModel);\r\n\r\n                var table = $('#wpfb-datatable-' + id).DataTable(dtModel);\r\n\r\n                $('#wpfb-datatable-category-' + id).change(function (e) {\r\n                    var catId = +jQuery(e.target).val();\r\n                    ajaxData.cat_ids = (catId == 0 && catIds.length) ? catIds : [catId];\r\n                    table.ajax.reload();\r\n                });\r\n            });\r\n        <\/script>\r\n        \n<section class=\"l-section wpb_row height_medium\"><div class=\"l-section-h i-cf\"><div class=\"g-cols offset_small\"><div class=\"vc_col-sm-12 wpb_column\"><div class=\"vc_column-inner\"><div class=\"w-message with_icon type_info\"><div class=\"w-message-icon\"><i class=\"fa fa-check-square-o\"><\/i><\/div><div class=\"w-message-body\"><p>Si no puede visualizar nuestros documentos, es posible que necesite alguno de los siguientes programas:<\/p>\n<ul>\n<li>Para Documentos en Pdf:\n<ol>\n<li><a href=\"https:\/\/get.adobe.com\/es\/reader\/\" target=\"_blank\" rel=\"noopener\">Adobe Reader <\/a><\/li>\n<\/ol>\n<\/li>\n<li>Para Documentos en Doc, Excel, Ods, Csv, entre otros tipos:\n<ol>\n<li><a href=\"https:\/\/support.microsoft.com\/es-es\/office\/obtenga-acceso-r%c3%a1pido-a-sus-archivos-de-office-en-el-explorador-dc1024b4-92be-46eb-81a7-aea85368baa0?ui=es-es&amp;rs=es-es&amp;ad=es\" target=\"_blank\" rel=\"noopener\">Microsoft Office:<\/a> <a href=\"https:\/\/chrome.google.com\/webstore\/detail\/office\/ndjpnladcallmjemlbaebfadecfhkepb?hl=es-419\" target=\"_blank\" rel=\"noopener\">Extensi\u00f3n para Chrome<\/a> &#8211;\u00a0<a href=\"https:\/\/www.microsoft.com\/es-us\/p\/office-online\/9nblggh4v88g?activetab=pivot%3aoverviewtab\" target=\"_blank\" rel=\"noopener\">Extensi\u00f3n para\u00a0 Microsoft Edge.<\/a><\/li>\n<li><a href=\"https:\/\/www.google.com\/intl\/es\/docs\/about\/\" target=\"_blank\" rel=\"noopener\">Google Documentos<\/a>.<\/li>\n<\/ol>\n<\/li>\n<\/ul>\n<\/p><\/div><\/div><\/div><\/div><\/div><\/div><\/section>\n<div style=\"clear:both;\"><\/div>","protected":false},"excerpt":{"rendered":"<p>LOS DATOS PERSONALES HAN SIDO PROTEGIDOS DE CONFORMIDAD CON EL ART.18 DE LA LEY 200-04 DE LIBRE ACCESO INFORMACI\u00d3N P\u00daBLICA, DF 28 DE JULIO DE 2004 Y EL ART. 28&#8230;<\/p>\n","protected":false},"author":15,"featured_media":0,"parent":0,"menu_order":0,"comment_status":"closed","ping_status":"closed","template":"","meta":{"footnotes":""},"class_list":["post-6112","page","type-page","status-publish","hentry"],"_links":{"self":[{"href":"https:\/\/edenorte.com.do\/transparencia\/wp-json\/wp\/v2\/pages\/6112","targetHints":{"allow":["GET"]}}],"collection":[{"href":"https:\/\/edenorte.com.do\/transparencia\/wp-json\/wp\/v2\/pages"}],"about":[{"href":"https:\/\/edenorte.com.do\/transparencia\/wp-json\/wp\/v2\/types\/page"}],"author":[{"embeddable":true,"href":"https:\/\/edenorte.com.do\/transparencia\/wp-json\/wp\/v2\/users\/15"}],"replies":[{"embeddable":true,"href":"https:\/\/edenorte.com.do\/transparencia\/wp-json\/wp\/v2\/comments?post=6112"}],"version-history":[{"count":15,"href":"https:\/\/edenorte.com.do\/transparencia\/wp-json\/wp\/v2\/pages\/6112\/revisions"}],"predecessor-version":[{"id":1034295,"href":"https:\/\/edenorte.com.do\/transparencia\/wp-json\/wp\/v2\/pages\/6112\/revisions\/1034295"}],"wp:attachment":[{"href":"https:\/\/edenorte.com.do\/transparencia\/wp-json\/wp\/v2\/media?parent=6112"}],"curies":[{"name":"wp","href":"https:\/\/api.w.org\/{rel}","templated":true}]}}