{"id":6102,"date":"2016-07-10T16:47:46","date_gmt":"2016-07-10T20:47:46","guid":{"rendered":"http:\/\/localhost:8080\/edenorte\/transparencia\/?page_id=6102"},"modified":"2021-05-31T16:39:10","modified_gmt":"2021-05-31T20:39:10","slug":"derechos-de-los-ciudadanos","status":"publish","type":"page","link":"https:\/\/edenorte.com.do\/transparencia\/derechos-de-los-ciudadanos\/","title":{"rendered":"Derechos de los Ciudadanos"},"content":{"rendered":"<section class=\"l-section wpb_row height_medium\"><div class=\"l-section-h i-cf\"><div class=\"g-cols offset_small\"><div class=\"vc_col-sm-12 wpb_column\"><div class=\"vc_column-inner\"><div class=\"w-message with_icon type_info\"><div class=\"w-message-icon\"><i class=\"fa fa-check-square-o\"><\/i><\/div><div class=\"w-message-body\"><p>Si no puede visualizar nuestros documentos, es posible que necesite alguno de los siguientes programas:<\/p>\n<ul>\n<li>Para Documentos en Pdf:\n<ol>\n<li><a href=\"https:\/\/get.adobe.com\/es\/reader\/\" target=\"_blank\" rel=\"noopener\">Adobe Reader <\/a><\/li>\n<\/ol>\n<\/li>\n<li>Para Documentos en Doc, Excel, Ods, Csv, entre otros tipos:\n<ol>\n<li><a href=\"https:\/\/support.microsoft.com\/es-es\/office\/obtenga-acceso-r%c3%a1pido-a-sus-archivos-de-office-en-el-explorador-dc1024b4-92be-46eb-81a7-aea85368baa0?ui=es-es&amp;rs=es-es&amp;ad=es\" target=\"_blank\" rel=\"noopener\">Microsoft Office:<\/a> <a href=\"https:\/\/chrome.google.com\/webstore\/detail\/office\/ndjpnladcallmjemlbaebfadecfhkepb?hl=es-419\" target=\"_blank\" rel=\"noopener\">Extensi\u00f3n para Chrome<\/a> &#8211;\u00a0<a href=\"https:\/\/www.microsoft.com\/es-us\/p\/office-online\/9nblggh4v88g?activetab=pivot%3aoverviewtab\" target=\"_blank\" rel=\"noopener\">Extensi\u00f3n para\u00a0 Microsoft Edge.<\/a><\/li>\n<li><a href=\"https:\/\/www.google.com\/intl\/es\/docs\/about\/\" target=\"_blank\" rel=\"noopener\">Google Documentos<\/a>.<\/li>\n<\/ol>\n<\/li>\n<\/ul>\n<\/p><\/div><\/div><\/div><\/div><\/div><\/div><\/section>\n<p><span style=\"color: #000000;\"><strong>Todo ciudadano(a) tiene derecho a:<\/strong><\/span><\/p>\n<ul>\n<li><span style=\"color: #000000;\"><strong>SOLICITAR\u00a0<\/strong>informaci\u00f3n de cualquier \u00f3rgano del Estado Dominicano y de todas las sociedades an\u00f3nimas, compa\u00f1\u00edas an\u00f3nimas o compa\u00f1\u00edas por acciones con participaci\u00f3n estatal.<\/span><\/li>\n<\/ul>\n<ul>\n<li><span style=\"color: #000000;\"><strong>RECIBIR\u00a0<\/strong>informaci\u00f3n completa, veraz, adecuada y oportuna de cualquier \u00f3rgano del Estado Dominicano y de todas las sociedades an\u00f3nimas, compa\u00f1\u00edas an\u00f3nimas o compa\u00f1\u00edas por acciones con participaci\u00f3n estatal.<\/span><\/li>\n<\/ul>\n<ul>\n<li><span style=\"color: #000000;\"><strong>ACCESO\u00a0<\/strong>gratuito a la informaci\u00f3n en tanto que no requiera reproducci\u00f3n de la misma.<\/span><\/li>\n<\/ul>\n<ul>\n<li><span style=\"color: #000000;\"><strong>SOLICITAR, RECIBIR y DIFUNDIR<\/strong>\u00a0informaciones pertenecientes a la administraci\u00f3n del Estado.<\/span><\/li>\n<\/ul>\n<ul>\n<li><span style=\"color: #000000;\"><strong>CONOCER\u00a0<\/strong>los proyectos de reglamentos y otras disposiciones de car\u00e1cter general que rigen las relaciones entre los particulares y la administraci\u00f3n.<\/span><\/li>\n<\/ul>\n<ul>\n<li><span style=\"color: #000000;\"><strong>OBTENER\u00a0<\/strong>informaci\u00f3n sobre los servicios que ofrece el Estado, requisitos costos.<\/span><\/li>\n<\/ul>\n<ul>\n<li><span style=\"color: #000000;\"><strong>SABER\u00a0<\/strong>la estructura, integrantes, normativas de funcionamiento, proyectos, informes de gesti\u00f3n, y bases de datos de la administraci\u00f3n p\u00fablica.<\/span><\/li>\n<\/ul>\n<ul>\n<li><span style=\"color: #000000;\"><strong>CONOCER\u00a0<\/strong>sobre los presupuestos y c\u00e1lculos de recursos y gastos aprobados, su evoluci\u00f3n y estado de ejecuci\u00f3n.<\/span><\/li>\n<\/ul>\n<ul>\n<li><span style=\"color: #000000;\"><strong>TENER\u00a0<\/strong>informaci\u00f3n sobre los programas y proyectos, sus presupuestos, plazos, ejecuci\u00f3n y supervisi\u00f3n.<\/span><\/li>\n<\/ul>\n<ul>\n<li><span style=\"color: #000000;\"><strong>ESTAR AL TANTO<\/strong>\u00a0sobre las licitaciones, concursos, compras, gastos y resultados.<\/span><\/li>\n<\/ul>\n<ul>\n<li><span style=\"color: #000000;\"><strong>ACCEDER\u00a0<\/strong>a la n\u00f3mina del Estado y sus remuneraciones.<\/span><\/li>\n<\/ul>\n<ul>\n<li><span style=\"color: #000000;\"><strong>CONOCER\u00a0<\/strong>la declaraci\u00f3n jurada patrimonial de los funcionarios del Estado cuando su presentaci\u00f3n corresponda por ley.<\/span><\/li>\n<\/ul>\n<ul>\n<li><span style=\"color: #000000;\"><strong>RECIBIR\u00a0<\/strong>informaci\u00f3n sobre el listado de beneficiarios de programas asistenciales, subsidios, becas, jubilaciones, pensiones y retiros.<\/span><\/li>\n<\/ul>\n<ul>\n<li><span style=\"color: #000000;\"><strong>SABER\u00a0<\/strong>sobre el estado de cuentas de la deuda p\u00fablica, sus vencimientos y pagos.<\/span><\/li>\n<\/ul>\n<ul>\n<li><span style=\"color: #000000;\"><strong>BUSCAR\u00a0<\/strong>las leyes, decretos, resoluciones, disposiciones, marcos regulatorios y cualquier tipo de normativa.<\/span><\/li>\n<\/ul>\n<ul>\n<li><span style=\"color: #000000;\"><strong>SOLICITAR Y RECIBIR<\/strong>\u00a0oportunamente cualquier tipo de documentaci\u00f3n financiera relativa al presupuesto p\u00fablico.<\/span><\/li>\n<\/ul>\n<p><span style=\"color: #000000;\">En cumplimiento a la Ley 200-04 y el Decreto 130-05, el acceso a la informaci\u00f3n se har\u00e1 efectivo siempre y cuando no afecte la seguridad nacional, el orden p\u00fablico, la salud o la moral p\u00fablica o el derecho a la privacidad e intimidad de un tercero o el derecho a la reputaci\u00f3n de los dem\u00e1s.<\/span><\/p>\n<p>&nbsp;<\/p>\n<div style=\"clear:both;\"><\/div>","protected":false},"excerpt":{"rendered":"<p>Todo ciudadano(a) tiene derecho a: SOLICITAR\u00a0informaci\u00f3n de cualquier \u00f3rgano del Estado Dominicano y de todas las sociedades an\u00f3nimas, compa\u00f1\u00edas an\u00f3nimas o compa\u00f1\u00edas por acciones con participaci\u00f3n estatal. RECIBIR\u00a0informaci\u00f3n completa, veraz,&#8230;<\/p>\n","protected":false},"author":15,"featured_media":0,"parent":0,"menu_order":0,"comment_status":"closed","ping_status":"closed","template":"","meta":{"footnotes":""},"class_list":["post-6102","page","type-page","status-publish","hentry"],"_links":{"self":[{"href":"https:\/\/edenorte.com.do\/transparencia\/wp-json\/wp\/v2\/pages\/6102","targetHints":{"allow":["GET"]}}],"collection":[{"href":"https:\/\/edenorte.com.do\/transparencia\/wp-json\/wp\/v2\/pages"}],"about":[{"href":"https:\/\/edenorte.com.do\/transparencia\/wp-json\/wp\/v2\/types\/page"}],"author":[{"embeddable":true,"href":"https:\/\/edenorte.com.do\/transparencia\/wp-json\/wp\/v2\/users\/15"}],"replies":[{"embeddable":true,"href":"https:\/\/edenorte.com.do\/transparencia\/wp-json\/wp\/v2\/comments?post=6102"}],"version-history":[{"count":6,"href":"https:\/\/edenorte.com.do\/transparencia\/wp-json\/wp\/v2\/pages\/6102\/revisions"}],"predecessor-version":[{"id":1025889,"href":"https:\/\/edenorte.com.do\/transparencia\/wp-json\/wp\/v2\/pages\/6102\/revisions\/1025889"}],"wp:attachment":[{"href":"https:\/\/edenorte.com.do\/transparencia\/wp-json\/wp\/v2\/media?parent=6102"}],"curies":[{"name":"wp","href":"https:\/\/api.w.org\/{rel}","templated":true}]}}