{"id":5781,"date":"2016-07-02T14:59:23","date_gmt":"2016-07-02T18:59:23","guid":{"rendered":"http:\/\/localhost:8080\/edenorte\/?page_id=5781"},"modified":"2019-04-15T14:46:49","modified_gmt":"2019-04-15T18:46:49","slug":"terminos-de-uso","status":"publish","type":"page","link":"https:\/\/edenorte.com.do\/transparencia\/terminos-de-uso\/","title":{"rendered":"T\u00e9rminos de Uso"},"content":{"rendered":"<p>Los presentes t\u00e9rminos de uso (en lo que sigue, los \u201cT\u00e9rminos de Uso\u201d) regulan los servicios del sitio web de www.edenorte.com.do (en lo que sigue, \u201cPortal Web\u201d) de la <strong>Empresa Distribuidora de Electricidad del Norte<\/strong> (en lo que sigue, \u201cEDENORTE\u201d), empresa de Servicio P\u00fablico, creada en el a\u00f1o 1997 como consecuencia de Ley General de Reforma de la Empresa P\u00fablica No. 141-97, del 24 de junio del 1997, que tuvo por objeto principal dar inicio al proceso de capitalizaci\u00f3n de diversas empresas propiedad del Estado Dominicano. Domicilio social y asiento principal ubicado en la Av. Juan Pablo Duarte #74, Santiago de los Caballeros, Rep\u00fablica Dominicana.<\/p>\n<p>El uso del Portal Web le otorga la condici\u00f3n de usuario, ll\u00e1mese as\u00ed a todas aquellas personas que realizan el acceso al Portal mediante cualquier equipo o dispositivo (en lo que sigue, \u201cel Usuario\u201d) e implica la aceptaci\u00f3n plena y sin reservas de todas y cada una de las disposiciones establecidas en los T\u00e9rminos de Uso y las Pol\u00edticas publicadas por EDENORTE al momento en que el Usuario acceda al Porta Web. Por lo tanto, se hace necesario que el Usuario lea detenidamente estos t\u00e9rminos en cada ocasi\u00f3n en que utilice el Portal Web, ya que \u00e9stos pueden sufrir modificaciones, sin previo aviso. Si usted no acepta todos los T\u00e9rminos de Uso, no utilice este Portal Web.<\/p>\n<ol type=\"1\">\n<li><strong>Objeto.-<\/strong> A trav\u00e9s del Portal Web, EDENORTE facilita a los Usuarios el acceso y el uso de los servicios, informaciones y contenidos (en lo que sigue, \u201clos Servicios\u201d) colocados a disposici\u00f3n por EDENORTE o por terceros.<\/li>\n<li><strong>Condiciones de Accesibilidad y Uso del Portal Web.-<\/strong>\n<ol type=\"a\">\n<li><span class=\"pi-underline\">Car\u00e1cter gratuito del acceso y uso del Portal Web.-<\/span>La prestaci\u00f3n de los Servicios, de parte de EDENORTE, tiene car\u00e1cter gratuito para el Usuario. Sin perjuicio de lo anterior, algunos de los Servicios suministrados por EDENORTE a trav\u00e9s del Portal Web podr\u00edan estar sujetos al pago de una tasa la cual estar\u00eda establecida en el mismo.<\/li>\n<li><span class=\"pi-underline\">Modificaciones.-<\/span> EDENORTE se reserva el derecho a actualizar, modificar o eliminar la informaci\u00f3n contenida en el Portal Web, pudiendo incluso limitar o no permitir el acceso a dicha informaci\u00f3n.<\/li>\n<li><span class=\"pi-underline\">Registro del Usuario.-<\/span> Algunos de los Servicios exige la suscripci\u00f3n o registro previo de parte del Usuario.<\/li>\n<li><span class=\"pi-underline\">Veracidad de la informaci\u00f3n.-<\/span> Toda informaci\u00f3n facilitada al Usuario mediante los Servicios deber\u00e1 ser veraz. Por esto, el Usuario se compromete a garantizar el car\u00e1cter aut\u00e9ntico de los datos que provea a consecuencia de los requisitos de los formularios necesarios para la suscripci\u00f3n de los Servicios. De igual forma, ser\u00e1 responsabilidad del Usuario mantener toda la informaci\u00f3n facilitada a EDENORTE debidamente actualizada de manera tal que responda, en cada momento, a la situaci\u00f3n real del Usuario. En todo caso el Usuario ser\u00e1 el \u00fanico responsable de las informaciones falsas o inexactas que realice y de los perjuicios que pueda causar a EDENORTE o a terceros por la informaci\u00f3n que suministre.<\/li>\n<li><span class=\"pi-underline\">Propiedad Intelectual.-<\/span> Todo el contenido de este Portal Web, ya sean textos, datos, im\u00e1genes, software, fotograf\u00edas, ilustraciones, video, mensajes, recopilaciones, marcas, logotipos, combinaciones de colores o cualquier otro elemento, su estructura y dise\u00f1o, la selecci\u00f3n y forma de presentaci\u00f3n de los materiales incluidos en el mismo, y los programas necesarios para su funcionamiento, acceso y uso, est\u00e1n protegidos por derechos de propiedad intelectual, de los cuales es titular EDENORTE, o de terceros licenciantes, que el Usuario de este Portal debe respetar. No se permite copiar, realizar ingenier\u00eda inversa, descompilar, desmontar, traducir, modificar o crear productos derivados del contenido del Portal Web, en parte o en su totalidad. Asimismo, queda prohibido alquilar, revelar, publicar, vender, asignar, arrendar, otorgar bajo licencia, comercializar o transferir el contenido del Portal Web, o parte de \u00e9ste, y utilizarlo de modo alguno que no se haya autorizado expl\u00edcitamente en este acuerdo.<\/li>\n<li><span class=\"pi-underline\">Seguridad.-<\/span> El Usuario del Portal Web deber\u00e1 abstenerse de suprimir, alterar, eludir o manipular cualquier dispositivo de protecci\u00f3n o sistema de seguridad que pueda estar instalado en el mismo.<\/li>\n<\/ol>\n<\/li>\n<li><strong>Protecci\u00f3n de los datos personales.-<\/strong> Para utilizar algunos de los Servicios del Portal Web, el Usuario debe facilitar previamente a EDENORTE algunos datos de car\u00e1cter personal (en lo que sigue, \u201cDatos Personales\u201d).\n<ol type=\"a\">\n<li><span class=\"pi-underline\">Protecci\u00f3n.<\/span> EDENORTE tratar\u00e1 de forma autom\u00e1tica los Datos Personales con la finalidad y las condiciones definidas en su Pol\u00edtica de Privacidad. EDENORTE no garantiza la ausencia de virus ni de otros elementos en los Servicios prestados por terceros a trav\u00e9s del Portal Web que puedan causar alteraciones en el sistema inform\u00e1tico del Usuario (software y hardware) o en los documentos electr\u00f3nicos y\/o bases de datos de su sistema inform\u00e1tico.<\/li>\n<li><span class=\"pi-underline\">Informaci\u00f3n a terceros.<\/span> EDENORTE puede proporcionar informaci\u00f3n y estad\u00edsticas sobre sus usuarios y clientes, modelos de tr\u00e1fico y su Portal a terceros, pero esta informaci\u00f3n no incluir\u00e1 nunca datos que identifiquen usuarios individualmente.<\/li>\n<li><span class=\"pi-underline\">Seguridad.<\/span> EDENORTE ha adoptado los niveles de seguridad y protecci\u00f3n que entiende suficientes y necesarios y procura instalar los medios y medidas t\u00e9cnicas de protecci\u00f3n que se vayan haciendo necesarias. Sin embargo, el Usuario debe estar consciente de que las medidas de seguridad en la Internet no son inviolables.<\/li>\n<li><span class=\"pi-underline\">Cookies.<\/span> EDENORTE puede utilizar cookies cuando un Usuario navega por los sitios y p\u00e1ginas del Portal Web. Las cookies que se puedan usar en los sitios y p\u00e1ginas del Portal Web se asocian \u00fanicamente con el navegador de un computador determinado (un Usuario an\u00f3nimo), y no proporcionan en s\u00ed mismas el nombre y apellido del Usuario. Gracias a las \u201ccookies\u201d, resulta posible que EDENORTE reconozca los navegadores de los Usuarios registrados (luego de que \u00e9stos se hayan registrado por primera vez); esto ayuda a que no tengan que registrarse cada vez que visitan las \u00e1reas y los Servicios reservados exclusivamente a ellos. Las \u201ccookies\u201d utilizadas no pueden leer archivos \u201ccookie\u201d creados por otros proveedores. El Usuario tiene la posibilidad de configurar su navegador para ser avisado en su pantalla de la recepci\u00f3n de \u201ccookies\u201d y para impedir la instalaci\u00f3n de las mismas en el disco duro.<\/li>\n<li><span class=\"pi-underline\">Presencia de cookies.<\/span> Para utilizar el Portal Web no es indispensable la instalaci\u00f3n de las \u201ccookies\u201d enviadas por EDENORTE, sin perjuicio de que en tal caso puede ser necesario que el Usuario se registre cada vez que acceda a un Servicio que requiera un registro previo.<\/li>\n<\/ol>\n<\/li>\n<li><strong>El Contenido del Portal Web.<\/strong>\n<ol type=\"a\">\n<li>EDENORTE, a trav\u00e9s del Portal Web, ofrece su contenido como un servicio a sus Usuarios. El Contenido puede ser usado con car\u00e1cter informativo y\/o educativo, o en la forma en que el Usuario desee. EDENORTE no se responsabiliza por errores u omisiones que pueda contener dicho material; adem\u00e1s no garantiza, de ninguna forma, los contenidos del Portal Web.<\/li>\n<li>EDENORTE autoriza a descargar los contenidos, copiar o imprimir cualquier p\u00e1gina del Portal Web, pero exclusivamente para su uso personal y, siempre y cuando, con ello no infrinja el derecho de autor o cualquier otro derecho de propiedad de EDENORTE, ni cambie, modifique, o suprima cualquier Informaci\u00f3n, contenido, o sus advertencias. La copia de Informaci\u00f3n no debe entenderse como una autorizaci\u00f3n para transferirle a Usted o a cualquier Persona los derechos de propiedad de EDENORTE.<\/li>\n<li>El Portal Web y contenidos pueden contener errores, inexactitudes u omisiones. EDENORTE no garantiza la exactitud, integridad o veracidad de los contenidos o de cualquier declaraci\u00f3n u cualquier otra informaci\u00f3n publicada en el Portal Web. El Usuario acepta que cualquier decisi\u00f3n, una vez hecha esta advertencia, ser\u00e1 asumida por su propia cuenta y riesgo.<\/li>\n<li>EDENORTE no se hace responsable por las interpretaciones del contenido del Portal Web, ni del uso indebido del mismo y de sus Servicios e informaci\u00f3n; de igual manera no se har\u00e1 responsable por los da\u00f1os o perjuicios causados de forma directa o indirecta por o a quienes fueran estimulados a tomar decisiones o medidas al consultar el Portal Web. Tampoco se responsabilizar\u00e1 por los da\u00f1os o perjuicios, directos, indirectos, o de otra forma, que acarree la suspensi\u00f3n o terminaci\u00f3n de los servicios, contenido, o informaci\u00f3n que suministra a trav\u00e9s del Portal Web.<\/li>\n<li>EDENORTE no se responsabiliza de las posibles discrepancias que puedan surgir entre la versi\u00f3n de sus documentos impresos y la versi\u00f3n electr\u00f3nica de los mismos publicados en el Portal Web.<\/li>\n<li>EDENORTE no asume responsabilidad por aquellas informaciones o contenidos que no hayan sido creados por EDENORTE, por lo que no responder\u00e1 frente a aquellos da\u00f1os o perjuicios que puedan derivarse del uso de dicha informaci\u00f3n.<\/li>\n<li>EDENORTE no se responsabiliza de da\u00f1os o perjuicios derivados del acceso, uso o mala utilizaci\u00f3n de los contenidos del Portal Web.<\/li>\n<li>EDENORTE se reserva el derecho, directamente o por medio de una entidad designada, de supervisar, restringir el acceso, modificar o eliminar cualquier contenido disponible a trav\u00e9s del Portal Web.<\/li>\n<li>EDENORTE se reserva en todo momento el derecho a modificar, suspender o dar por finalizados los Servicios (o parte de ellos), as\u00ed como su utilizaci\u00f3n o acceso, sin necesidad de notificaci\u00f3n previa. EDENORTE puede tambi\u00e9n borrar o prohibir el acceso o el uso de toda la Informaci\u00f3n y archivos relacionados. EDENORTE no ser\u00e1 responsable ante usted ni ante terceros de las modificaciones, suspensi\u00f3n o finalizaci\u00f3n de los Servicios o por la p\u00e9rdida de informaci\u00f3n relacionada.<\/li>\n<\/ol>\n<\/li>\n<li><strong>Restricciones de uso del Portal Web.<\/strong>\n<ol type=\"a\">\n<li>EDENORTE le autoriza a acceder y utilizar el Portal Web y los Servicios, y el Usuario acepta que su inobservancia de cualquiera de estas condiciones constituir\u00e1 un incumplimiento de los presentes T\u00e9rminos de Uso por su parte:\n<ol type=\"1\">\n<li>El Usuario se obliga a no alterar o modificar ninguna parte del Portal Web o de los Servicios;<\/li>\n<li>El Usuario se obliga a no eludir, desactivar o manipular de cualquier otra forma (o tratar de eludir, desactivar o manipular) las funciones de seguridad del Portal Web u otras funciones que (i) impidan o restrinjan la utilizaci\u00f3n o copia de los Contenidos, o (ii) que aplican las limitaciones a la utilizaci\u00f3n del Portal Web o de los contenidos que se ofrecen a trav\u00e9s del Portal Web;<\/li>\n<li>El Usuario se obliga a no utilizaci\u00f3n el Portal Web o los Servicios para ning\u00fan fin comercial.<\/li>\n<li>El Usuario se obliga a no recabar datos personales de ning\u00fan usuario del Portal Web o los Servicios;<\/li>\n<\/ol>\n<\/li>\n<li>El Usuario reconoce ser el \u00fanico responsable (sin que EDENORTE asuma responsabilidad alguna frente al Usuario o a cualquier tercero) del incumplimiento de sus obligaciones previstas en los T\u00e9rminos de Uso y de las consecuencias (incluyendo cualesquiera p\u00e9rdidas o da\u00f1os en que EDENORTE pueda incurrir) derivadas de dicho incumplimiento.<\/li>\n<\/ol>\n<\/li>\n<li><strong>Cambios en los T\u00e9rminos de Uso.<\/strong>\n<ol type=\"a\">\n<li>EDENORTE puede modificar estos T\u00e9rminos de Uso en cualquier momento con s\u00f3lo colocar las condiciones modificadas en el Portal Web.<\/li>\n<li>El Usuario reconoce y acepta que si utiliza los Servicios despu\u00e9s de la fecha de modificaci\u00f3n de los T\u00e9rminos de Uso, EDENORTE considerar\u00e1 que su uso de los Servicios constituye la aceptaci\u00f3n de los T\u00e9rminos de Uso actualizados.<\/li>\n<li>El Usuario tiene la obligaci\u00f3n de comprobar peri\u00f3dicamente los T\u00e9rminos de Uso para mantenerse informado acerca de la posible existencia de cambios.<\/li>\n<\/ol>\n<\/li>\n<\/ol>\n<div style=\"clear:both;\"><\/div>","protected":false},"excerpt":{"rendered":"<p>Los presentes t\u00e9rminos de uso (en lo que sigue, los \u201cT\u00e9rminos de Uso\u201d) regulan los servicios del sitio web de www.edenorte.com.do (en lo que sigue, \u201cPortal Web\u201d) de la Empresa&#8230;<\/p>\n","protected":false},"author":15,"featured_media":0,"parent":0,"menu_order":0,"comment_status":"closed","ping_status":"closed","template":"","meta":{"footnotes":""},"class_list":["post-5781","page","type-page","status-publish","hentry"],"_links":{"self":[{"href":"https:\/\/edenorte.com.do\/transparencia\/wp-json\/wp\/v2\/pages\/5781","targetHints":{"allow":["GET"]}}],"collection":[{"href":"https:\/\/edenorte.com.do\/transparencia\/wp-json\/wp\/v2\/pages"}],"about":[{"href":"https:\/\/edenorte.com.do\/transparencia\/wp-json\/wp\/v2\/types\/page"}],"author":[{"embeddable":true,"href":"https:\/\/edenorte.com.do\/transparencia\/wp-json\/wp\/v2\/users\/15"}],"replies":[{"embeddable":true,"href":"https:\/\/edenorte.com.do\/transparencia\/wp-json\/wp\/v2\/comments?post=5781"}],"version-history":[{"count":4,"href":"https:\/\/edenorte.com.do\/transparencia\/wp-json\/wp\/v2\/pages\/5781\/revisions"}],"predecessor-version":[{"id":487994,"href":"https:\/\/edenorte.com.do\/transparencia\/wp-json\/wp\/v2\/pages\/5781\/revisions\/487994"}],"wp:attachment":[{"href":"https:\/\/edenorte.com.do\/transparencia\/wp-json\/wp\/v2\/media?parent=5781"}],"curies":[{"name":"wp","href":"https:\/\/api.w.org\/{rel}","templated":true}]}}