{"id":489816,"date":"2019-04-16T10:16:45","date_gmt":"2019-04-16T14:16:45","guid":{"rendered":"https:\/\/edenorte.com.do\/transparencia\/?page_id=489816"},"modified":"2021-07-29T12:30:19","modified_gmt":"2021-07-29T16:30:19","slug":"institucional-plan-estrategico","status":"publish","type":"page","link":"https:\/\/edenorte.com.do\/transparencia\/institucional-plan-estrategico\/","title":{"rendered":"Plan Estrat\u00e9gico"},"content":{"rendered":"<section class=\"l-section wpb_row height_medium\"><div class=\"l-section-h i-cf\"><div class=\"g-cols offset_small\"><div class=\"vc_col-sm-12 wpb_column\"><div class=\"vc_column-inner\"><div class=\"w-tabs layout_default accordion title_left icon_triangle iconpos_left \"><div class=\"w-tabs-list items_4\"><div class=\"w-tabs-list-h\"><div class=\"w-tabs-item active\" style=\"font-size: 12px\"><a href=\"#1627575833426-c93507aa-7483\" class=\"w-tabs-item-h\"><span class=\"w-tabs-item-title\"><\/span><\/a><\/div>\n<div class=\"w-tabs-item\" style=\"font-size: 12px\"><a href=\"#1627575833391-74e25929-9c64\" class=\"w-tabs-item-h\"><span class=\"w-tabs-item-title\">PLAN ESTRAT\u00c9GICO INSTITUCIONAL<\/span><\/a><\/div>\n<div class=\"w-tabs-item\" style=\"font-size: 12px\"><a href=\"#1627575881920-55419154-046b\" class=\"w-tabs-item-h\"><span class=\"w-tabs-item-title\">PLANIFICACI\u00d3N OPERATIVO ANUAL (POA)<\/span><\/a><\/div>\n<div class=\"w-tabs-item\" style=\"font-size: 12px\"><a href=\"#1627575879358-d95fbaf7-54c0\" class=\"w-tabs-item-h\"><span class=\"w-tabs-item-title\">MEMORIAS INSTITUCIONALES<\/span><\/a><\/div>\n<\/div><\/div><div class=\"w-tabs-sections\"><div class=\"w-tabs-sections-h\"><div class=\"w-tabs-section no_indents active\" id=\"1627575833426-c93507aa-7483\"><a href=\"#1627575833426-c93507aa-7483\" class=\"w-tabs-section-header\" style=\"font-size: 12px\"><div class=\"w-tabs-section-header-h\"><div class=\"w-tabs-section-control\"><\/div><h5 class=\"w-tabs-section-title\"><\/h5><\/div><\/a><div class=\"w-tabs-section-content\"><div class=\"w-tabs-section-content-h i-cf\"><\/div><\/div><\/div><div class=\"w-tabs-section no_indents\" id=\"1627575833391-74e25929-9c64\"><a href=\"#1627575833391-74e25929-9c64\" class=\"w-tabs-section-header\" style=\"font-size: 12px\"><div class=\"w-tabs-section-header-h\"><div class=\"w-tabs-section-control\"><\/div><h5 class=\"w-tabs-section-title\">PLAN ESTRAT\u00c9GICO INSTITUCIONAL<\/h5><\/div><\/a><div class=\"w-tabs-section-content\"><div class=\"w-tabs-section-content-h i-cf\"><script type=\"text\/javascript\" src=\"https:\/\/code.jquery.com\/jquery-2.2.4.min.js?ver=2.2.s\" id=\"jquery-js\"><\/script>\n<script type=\"text\/javascript\" src=\"https:\/\/edenorte.com.do\/transparencia\/wp-content\/plugins\/wp-filebase-pro\/extras\/jquery\/treeview\/jquery.treeview-async-edit.min.js?ver=3.4.32\" id=\"wpfb-treeview-js\"><\/script>\n<link rel='stylesheet' id='wpfb-treeview-css' href='https:\/\/edenorte.com.do\/transparencia\/wp-content\/plugins\/wp-filebase-pro\/extras\/jquery\/treeview\/jquery.treeview.css?ver=3.4.32' type='text\/css' media='all' \/>\n        <script type=\"text\/javascript\">\r\n            \/\/<![CDATA[\r\n            function wpfb_initfbbd83ab4a187d491d1b4b59994381e2f0() {\r\n                jQuery(\"#wpfb-filebrowser-1\").treeview(wpfb_fbsetsbd83ab4a187d491d1b4b59994381e2f0 = {\r\n                    url: \"\/\/edenorte.com.do\/transparencia\/?wpfilebase_ajax=1\",\r\n                    ajax: {\r\n                        data:{\"private\":0,\"sort\":{\"file\":null,\"cat\":null},\"wpfb_action\":\"tree\",\"type\":\"browser\",\"base\":834},\r\n                        type: \"post\",\r\n                        error: function (x, status, error) {\r\n                            if (error) alert(error);\r\n                        },\r\n                        complete: function (x, status) {\r\n                            if (typeof (wpfb_setupLinks) == 'function') wpfb_setupLinks();\r\n                        }\r\n                    },\r\n                    animated: \"medium\"\r\n                }).data(\"settings\", wpfb_fbsetsbd83ab4a187d491d1b4b59994381e2f0);\r\n            }\r\n            jQuery(document).ready(function () {\r\n                var fel = jQuery(\"#wpfb-filebrowser-1\");\r\n                if ('function' != typeof fel.treeview) {\r\n                    jQuery.when(\r\n                                                jQuery.getScript('https:\/\/edenorte.com.do\/transparencia\/wp-content\/plugins\/wp-filebase-pro\/extras\/jquery\/treeview\/jquery.treeview-async-edit.min.js'),\r\n                                                jQuery.Deferred(function (deferred) {\r\n                            jQuery(deferred.resolve);\r\n                        })\r\n                    ).done(function () {\r\n                        wpfb_initfbbd83ab4a187d491d1b4b59994381e2f0();\r\n                    });\r\n                } else {\r\n                    wpfb_initfbbd83ab4a187d491d1b4b59994381e2f0();\r\n                }\r\n            });\r\n            \/\/]]>\r\n        <\/script>\r\n        <div class=\"wpb_text_column \"><div class=\"wpb_wrapper\"><ul id=\"wpfb-filebrowser-1\" class=\"treeview\"><li id=\"wpfb-cat-4562\" class=\"hasChildren\"><span class=\"cat\"><img decoding=\"async\" src=\"https:\/\/edenorte.com.do\/transparencia\/wp-content\/plugins\/wp-filebase-pro\/images\/folder-icons\/folder_cyan48.png\" alt=\"Icon of 2023-2024\" style=\"width:auto;height:40px;vertical-align:middle;\" \/> <a href=\"https:\/\/edenorte.com.do\/transparencia\/institucional-plan-estrategico\/?wpfb_cat=4562#wpfb-cat-4562\" onclick=\"return false;\">2023-2024<\/a><div><\/div>\r\n\r\n<\/span><ul>\n<li><span class=\"placeholder\">&nbsp;<\/span><\/li>\n<\/ul>\n<\/li>\n<li id=\"wpfb-cat-3574\" class=\"hasChildren\"><span class=\"cat\"><img decoding=\"async\" src=\"https:\/\/edenorte.com.do\/transparencia\/wp-content\/plugins\/wp-filebase-pro\/images\/folder-icons\/folder_cyan48.png\" alt=\"Icon of 2022\" style=\"width:auto;height:40px;vertical-align:middle;\" \/> <a href=\"https:\/\/edenorte.com.do\/transparencia\/institucional-plan-estrategico\/?wpfb_cat=3574#wpfb-cat-3574\" onclick=\"return false;\">2022<\/a><div><\/div>\r\n\r\n<\/span><ul>\n<li><span class=\"placeholder\">&nbsp;<\/span><\/li>\n<\/ul>\n<\/li>\n<li id=\"wpfb-cat-2973\" class=\"hasChildren\"><span class=\"cat\"><img decoding=\"async\" src=\"https:\/\/edenorte.com.do\/transparencia\/wp-content\/plugins\/wp-filebase-pro\/images\/folder-icons\/folder_cyan48.png\" alt=\"Icon of 2021\" style=\"width:auto;height:40px;vertical-align:middle;\" \/> <a href=\"https:\/\/edenorte.com.do\/transparencia\/institucional-plan-estrategico\/?wpfb_cat=2973#wpfb-cat-2973\" onclick=\"return false;\">2021<\/a><div><\/div>\r\n\r\n<\/span><ul>\n<li><span class=\"placeholder\">&nbsp;<\/span><\/li>\n<\/ul>\n<\/li>\n<li id=\"wpfb-cat-836\" class=\"hasChildren\"><span class=\"cat\"><img decoding=\"async\" src=\"https:\/\/edenorte.com.do\/transparencia\/wp-content\/plugins\/wp-filebase-pro\/images\/folder-icons\/folder_cyan48.png\" alt=\"Icon of 2018 - 2020\" style=\"width:auto;height:40px;vertical-align:middle;\" \/> <a href=\"https:\/\/edenorte.com.do\/transparencia\/institucional-plan-estrategico\/?wpfb_cat=836#wpfb-cat-836\" onclick=\"return false;\">2018 - 2020<\/a><div><\/div>\r\n\r\n<\/span><ul>\n<li><span class=\"placeholder\">&nbsp;<\/span><\/li>\n<\/ul>\n<\/li>\n<li id=\"wpfb-cat-835\" class=\"hasChildren\"><span class=\"cat\"><img decoding=\"async\" src=\"https:\/\/edenorte.com.do\/transparencia\/wp-content\/plugins\/wp-filebase-pro\/images\/folder-icons\/folder_cyan48.png\" alt=\"Icon of 2015 - 2017\" style=\"width:auto;height:40px;vertical-align:middle;\" \/> <a href=\"https:\/\/edenorte.com.do\/transparencia\/institucional-plan-estrategico\/?wpfb_cat=835#wpfb-cat-835\" onclick=\"return false;\">2015 - 2017<\/a><div><\/div>\r\n\r\n<\/span><ul>\n<li><span class=\"placeholder\">&nbsp;<\/span><\/li>\n<\/ul>\n<\/li>\n<li id=\"wpfb-cat-0\" class=\"\"><span class=\"add-item\"><\/span><\/li>\n<\/ul><div style=\"clear:both;\"><\/div><\/div> <\/div> <\/div><\/div><\/div><div class=\"w-tabs-section no_indents\" id=\"1627575881920-55419154-046b\"><a href=\"#1627575881920-55419154-046b\" class=\"w-tabs-section-header\" style=\"font-size: 12px\"><div class=\"w-tabs-section-header-h\"><div class=\"w-tabs-section-control\"><\/div><h5 class=\"w-tabs-section-title\">PLANIFICACI\u00d3N OPERATIVO ANUAL (POA)<\/h5><\/div><\/a><div class=\"w-tabs-section-content\"><div class=\"w-tabs-section-content-h i-cf\">        <script type=\"text\/javascript\">\r\n            \/\/<![CDATA[\r\n            function wpfb_initfbf84dec8a743f19e2143b171d02589a66() {\r\n                jQuery(\"#wpfb-filebrowser-2\").treeview(wpfb_fbsetsf84dec8a743f19e2143b171d02589a66 = {\r\n                    url: \"\/\/edenorte.com.do\/transparencia\/?wpfilebase_ajax=1\",\r\n                    ajax: {\r\n                        data:{\"private\":0,\"sort\":{\"file\":null,\"cat\":null},\"wpfb_action\":\"tree\",\"type\":\"browser\",\"base\":1104},\r\n                        type: \"post\",\r\n                        error: function (x, status, error) {\r\n                            if (error) alert(error);\r\n                        },\r\n                        complete: function (x, status) {\r\n                            if (typeof (wpfb_setupLinks) == 'function') wpfb_setupLinks();\r\n                        }\r\n                    },\r\n                    animated: \"medium\"\r\n                }).data(\"settings\", wpfb_fbsetsf84dec8a743f19e2143b171d02589a66);\r\n            }\r\n            jQuery(document).ready(function () {\r\n                var fel = jQuery(\"#wpfb-filebrowser-2\");\r\n                if ('function' != typeof fel.treeview) {\r\n                    jQuery.when(\r\n                                                jQuery.getScript('https:\/\/edenorte.com.do\/transparencia\/wp-content\/plugins\/wp-filebase-pro\/extras\/jquery\/treeview\/jquery.treeview-async-edit.min.js'),\r\n                                                jQuery.Deferred(function (deferred) {\r\n                            jQuery(deferred.resolve);\r\n                        })\r\n                    ).done(function () {\r\n                        wpfb_initfbf84dec8a743f19e2143b171d02589a66();\r\n                    });\r\n                } else {\r\n                    wpfb_initfbf84dec8a743f19e2143b171d02589a66();\r\n                }\r\n            });\r\n            \/\/]]>\r\n        <\/script>\r\n        <div class=\"wpb_text_column \"><div class=\"wpb_wrapper\"><ul id=\"wpfb-filebrowser-2\" class=\"treeview\"><li id=\"wpfb-cat-4932\" class=\"hasChildren\"><span class=\"cat\"><img decoding=\"async\" src=\"https:\/\/edenorte.com.do\/transparencia\/wp-content\/plugins\/wp-filebase-pro\/images\/folder-icons\/folder_cyan48.png\" alt=\"Icon of 2024\" style=\"width:auto;height:40px;vertical-align:middle;\" \/> <a href=\"https:\/\/edenorte.com.do\/transparencia\/institucional-plan-estrategico\/?wpfb_cat=4932#wpfb-cat-4932\" onclick=\"return false;\">2024<\/a><div><\/div>\r\n\r\n<\/span><ul>\n<li><span class=\"placeholder\">&nbsp;<\/span><\/li>\n<\/ul>\n<\/li>\n<li id=\"wpfb-cat-4178\" class=\"hasChildren\"><span class=\"cat\"><img decoding=\"async\" src=\"https:\/\/edenorte.com.do\/transparencia\/wp-content\/plugins\/wp-filebase-pro\/images\/folder-icons\/folder_cyan48.png\" alt=\"Icon of 2023\" style=\"width:auto;height:40px;vertical-align:middle;\" \/> <a href=\"https:\/\/edenorte.com.do\/transparencia\/institucional-plan-estrategico\/?wpfb_cat=4178#wpfb-cat-4178\" onclick=\"return false;\">2023<\/a><div><\/div>\r\n\r\n<\/span><ul>\n<li><span class=\"placeholder\">&nbsp;<\/span><\/li>\n<\/ul>\n<\/li>\n<li id=\"wpfb-cat-3573\" class=\"hasChildren\"><span class=\"cat\"><img decoding=\"async\" src=\"https:\/\/edenorte.com.do\/transparencia\/wp-content\/plugins\/wp-filebase-pro\/images\/folder-icons\/folder_cyan48.png\" alt=\"Icon of 2022\" style=\"width:auto;height:40px;vertical-align:middle;\" \/> <a href=\"https:\/\/edenorte.com.do\/transparencia\/institucional-plan-estrategico\/?wpfb_cat=3573#wpfb-cat-3573\" onclick=\"return false;\">2022<\/a><div><\/div>\r\n\r\n<\/span><ul>\n<li><span class=\"placeholder\">&nbsp;<\/span><\/li>\n<\/ul>\n<\/li>\n<li id=\"wpfb-cat-2964\" class=\"hasChildren\"><span class=\"cat\"><img decoding=\"async\" src=\"https:\/\/edenorte.com.do\/transparencia\/wp-content\/plugins\/wp-filebase-pro\/images\/folder-icons\/folder_cyan48.png\" alt=\"Icon of 2021\" style=\"width:auto;height:40px;vertical-align:middle;\" \/> <a href=\"https:\/\/edenorte.com.do\/transparencia\/institucional-plan-estrategico\/?wpfb_cat=2964#wpfb-cat-2964\" onclick=\"return false;\">2021<\/a><div><\/div>\r\n\r\n<\/span><ul>\n<li><span class=\"placeholder\">&nbsp;<\/span><\/li>\n<\/ul>\n<\/li>\n<li id=\"wpfb-cat-2350\" class=\"hasChildren\"><span class=\"cat\"><img decoding=\"async\" src=\"https:\/\/edenorte.com.do\/transparencia\/wp-content\/plugins\/wp-filebase-pro\/images\/folder-icons\/folder_cyan48.png\" alt=\"Icon of 2020\" style=\"width:auto;height:40px;vertical-align:middle;\" \/> <a href=\"https:\/\/edenorte.com.do\/transparencia\/institucional-plan-estrategico\/?wpfb_cat=2350#wpfb-cat-2350\" onclick=\"return false;\">2020<\/a><div><\/div>\r\n\r\n<\/span><ul>\n<li><span class=\"placeholder\">&nbsp;<\/span><\/li>\n<\/ul>\n<\/li>\n<li id=\"wpfb-cat-1491\" class=\"hasChildren\"><span class=\"cat\"><img decoding=\"async\" src=\"https:\/\/edenorte.com.do\/transparencia\/wp-content\/plugins\/wp-filebase-pro\/images\/folder-icons\/folder_cyan48.png\" alt=\"Icon of 2019\" style=\"width:auto;height:40px;vertical-align:middle;\" \/> <a href=\"https:\/\/edenorte.com.do\/transparencia\/institucional-plan-estrategico\/?wpfb_cat=1491#wpfb-cat-1491\" onclick=\"return false;\">2019<\/a><div><\/div>\r\n\r\n<\/span><ul>\n<li><span class=\"placeholder\">&nbsp;<\/span><\/li>\n<\/ul>\n<\/li>\n<li id=\"wpfb-cat-1105\" class=\"hasChildren\"><span class=\"cat\"><img decoding=\"async\" src=\"https:\/\/edenorte.com.do\/transparencia\/wp-content\/plugins\/wp-filebase-pro\/images\/folder-icons\/folder_cyan48.png\" alt=\"Icon of 2018\" style=\"width:auto;height:40px;vertical-align:middle;\" \/> <a href=\"https:\/\/edenorte.com.do\/transparencia\/institucional-plan-estrategico\/?wpfb_cat=1105#wpfb-cat-1105\" onclick=\"return false;\">2018<\/a><div><\/div>\r\n\r\n<\/span><ul>\n<li><span class=\"placeholder\">&nbsp;<\/span><\/li>\n<\/ul>\n<\/li>\n<li id=\"wpfb-cat-0\" class=\"\"><span class=\"add-item\"><\/span><\/li>\n<\/ul><div style=\"clear:both;\"><\/div><\/div> <\/div> <\/div><\/div><\/div><div class=\"w-tabs-section no_indents\" id=\"1627575879358-d95fbaf7-54c0\"><a href=\"#1627575879358-d95fbaf7-54c0\" class=\"w-tabs-section-header\" style=\"font-size: 12px\"><div class=\"w-tabs-section-header-h\"><div class=\"w-tabs-section-control\"><\/div><h5 class=\"w-tabs-section-title\">MEMORIAS INSTITUCIONALES<\/h5><\/div><\/a><div class=\"w-tabs-section-content\"><div class=\"w-tabs-section-content-h i-cf\">        <script type=\"text\/javascript\">\r\n            \/\/<![CDATA[\r\n            function wpfb_initfb3e6d4417996764f7c7ac15d317dbba45() {\r\n                jQuery(\"#wpfb-filebrowser-3\").treeview(wpfb_fbsets3e6d4417996764f7c7ac15d317dbba45 = {\r\n                    url: \"\/\/edenorte.com.do\/transparencia\/?wpfilebase_ajax=1\",\r\n                    ajax: {\r\n                        data:{\"private\":0,\"sort\":{\"file\":null,\"cat\":null},\"wpfb_action\":\"tree\",\"type\":\"browser\",\"base\":598},\r\n                        type: \"post\",\r\n                        error: function (x, status, error) {\r\n                            if (error) alert(error);\r\n                        },\r\n                        complete: function (x, status) {\r\n                            if (typeof (wpfb_setupLinks) == 'function') wpfb_setupLinks();\r\n                        }\r\n                    },\r\n                    animated: \"medium\"\r\n                }).data(\"settings\", wpfb_fbsets3e6d4417996764f7c7ac15d317dbba45);\r\n            }\r\n            jQuery(document).ready(function () {\r\n                var fel = jQuery(\"#wpfb-filebrowser-3\");\r\n                if ('function' != typeof fel.treeview) {\r\n                    jQuery.when(\r\n                                                jQuery.getScript('https:\/\/edenorte.com.do\/transparencia\/wp-content\/plugins\/wp-filebase-pro\/extras\/jquery\/treeview\/jquery.treeview-async-edit.min.js'),\r\n                                                jQuery.Deferred(function (deferred) {\r\n                            jQuery(deferred.resolve);\r\n                        })\r\n                    ).done(function () {\r\n                        wpfb_initfb3e6d4417996764f7c7ac15d317dbba45();\r\n                    });\r\n                } else {\r\n                    wpfb_initfb3e6d4417996764f7c7ac15d317dbba45();\r\n                }\r\n            });\r\n            \/\/]]>\r\n        <\/script>\r\n        <div class=\"wpb_text_column \"><div class=\"wpb_wrapper\"><ul id=\"wpfb-filebrowser-3\" class=\"treeview\"><li id=\"wpfb-cat-4964\" class=\"hasChildren\"><span class=\"cat\"><img decoding=\"async\" src=\"https:\/\/edenorte.com.do\/transparencia\/wp-content\/plugins\/wp-filebase-pro\/images\/folder-icons\/folder_cyan48.png\" alt=\"Icon of 2023\" style=\"width:auto;height:40px;vertical-align:middle;\" \/> <a href=\"https:\/\/edenorte.com.do\/transparencia\/institucional-plan-estrategico\/?wpfb_cat=4964#wpfb-cat-4964\" onclick=\"return false;\">2023<\/a><div><\/div>\r\n\r\n<\/span><ul>\n<li><span class=\"placeholder\">&nbsp;<\/span><\/li>\n<\/ul>\n<\/li>\n<li id=\"wpfb-cat-3705\" class=\"hasChildren\"><span class=\"cat\"><img decoding=\"async\" src=\"https:\/\/edenorte.com.do\/transparencia\/wp-content\/plugins\/wp-filebase-pro\/images\/folder-icons\/folder_cyan48.png\" alt=\"Icon of 2022\" style=\"width:auto;height:40px;vertical-align:middle;\" \/> <a href=\"https:\/\/edenorte.com.do\/transparencia\/institucional-plan-estrategico\/?wpfb_cat=3705#wpfb-cat-3705\" onclick=\"return false;\">2022<\/a><div><\/div>\r\n\r\n<\/span><ul>\n<li><span class=\"placeholder\">&nbsp;<\/span><\/li>\n<\/ul>\n<\/li>\n<li id=\"wpfb-cat-3690\" class=\"hasChildren\"><span class=\"cat\"><img decoding=\"async\" src=\"https:\/\/edenorte.com.do\/transparencia\/wp-content\/plugins\/wp-filebase-pro\/images\/folder-icons\/folder_cyan48.png\" alt=\"Icon of 2021\" style=\"width:auto;height:40px;vertical-align:middle;\" \/> <a href=\"https:\/\/edenorte.com.do\/transparencia\/institucional-plan-estrategico\/?wpfb_cat=3690#wpfb-cat-3690\" onclick=\"return false;\">2021<\/a><div><\/div>\r\n\r\n<\/span><ul>\n<li><span class=\"placeholder\">&nbsp;<\/span><\/li>\n<\/ul>\n<\/li>\n<li id=\"wpfb-cat-2926\" class=\"hasChildren\"><span class=\"cat\"><img decoding=\"async\" src=\"https:\/\/edenorte.com.do\/transparencia\/wp-content\/plugins\/wp-filebase-pro\/images\/folder-icons\/folder_cyan48.png\" alt=\"Icon of 2020\" style=\"width:auto;height:40px;vertical-align:middle;\" \/> <a href=\"https:\/\/edenorte.com.do\/transparencia\/institucional-plan-estrategico\/?wpfb_cat=2926#wpfb-cat-2926\" onclick=\"return false;\">2020<\/a><div><\/div>\r\n\r\n<\/span><ul>\n<li><span class=\"placeholder\">&nbsp;<\/span><\/li>\n<\/ul>\n<\/li>\n<li id=\"wpfb-cat-2366\" class=\"hasChildren\"><span class=\"cat\"><img decoding=\"async\" src=\"https:\/\/edenorte.com.do\/transparencia\/wp-content\/plugins\/wp-filebase-pro\/images\/folder-icons\/folder_cyan48.png\" alt=\"Icon of 2019\" style=\"width:auto;height:40px;vertical-align:middle;\" \/> <a href=\"https:\/\/edenorte.com.do\/transparencia\/institucional-plan-estrategico\/?wpfb_cat=2366#wpfb-cat-2366\" onclick=\"return false;\">2019<\/a><div><\/div>\r\n\r\n<\/span><ul>\n<li><span class=\"placeholder\">&nbsp;<\/span><\/li>\n<\/ul>\n<\/li>\n<li id=\"wpfb-cat-1494\" class=\"hasChildren\"><span class=\"cat\"><img decoding=\"async\" src=\"https:\/\/edenorte.com.do\/transparencia\/wp-content\/plugins\/wp-filebase-pro\/images\/folder-icons\/folder_cyan48.png\" alt=\"Icon of 2018\" style=\"width:auto;height:40px;vertical-align:middle;\" \/> <a href=\"https:\/\/edenorte.com.do\/transparencia\/institucional-plan-estrategico\/?wpfb_cat=1494#wpfb-cat-1494\" onclick=\"return false;\">2018<\/a><div><\/div>\r\n\r\n<\/span><ul>\n<li><span class=\"placeholder\">&nbsp;<\/span><\/li>\n<\/ul>\n<\/li>\n<li id=\"wpfb-cat-600\" class=\"hasChildren\"><span class=\"cat\"><img decoding=\"async\" src=\"https:\/\/edenorte.com.do\/transparencia\/wp-content\/plugins\/wp-filebase-pro\/images\/folder-icons\/folder_cyan48.png\" alt=\"Icon of 2017\" style=\"width:auto;height:40px;vertical-align:middle;\" \/> <a href=\"https:\/\/edenorte.com.do\/transparencia\/institucional-plan-estrategico\/?wpfb_cat=600#wpfb-cat-600\" onclick=\"return false;\">2017<\/a><div><\/div>\r\n\r\n<\/span><ul>\n<li><span class=\"placeholder\">&nbsp;<\/span><\/li>\n<\/ul>\n<\/li>\n<li id=\"wpfb-cat-599\" class=\"hasChildren\"><span class=\"cat\"><img decoding=\"async\" src=\"https:\/\/edenorte.com.do\/transparencia\/wp-content\/plugins\/wp-filebase-pro\/images\/folder-icons\/folder_cyan48.png\" alt=\"Icon of 2016\" style=\"width:auto;height:40px;vertical-align:middle;\" \/> <a href=\"https:\/\/edenorte.com.do\/transparencia\/institucional-plan-estrategico\/?wpfb_cat=599#wpfb-cat-599\" onclick=\"return false;\">2016<\/a><div><\/div>\r\n\r\n<\/span><ul>\n<li><span class=\"placeholder\">&nbsp;<\/span><\/li>\n<\/ul>\n<\/li>\n<li id=\"wpfb-cat-0\" class=\"\"><span class=\"add-item\"><\/span><\/li>\n<\/ul><div style=\"clear:both;\"><\/div><\/div> <\/div> <\/div><\/div><\/div><\/div><\/div><\/div><\/div><\/div><\/div><\/div><\/section><section class=\"l-section wpb_row height_medium\"><div class=\"l-section-h i-cf\"><div class=\"g-cols offset_small\"><div class=\"vc_col-sm-12 wpb_column\"><div class=\"vc_column-inner\"><div class=\"w-message with_icon type_info\"><div class=\"w-message-icon\"><i class=\"fa fa-check-square-o\"><\/i><\/div><div class=\"w-message-body\"><p>Si no puede visualizar nuestros documentos, es posible que necesite alguno de los siguientes programas:<\/p>\n<ul>\n<li>Para Documentos en Pdf:\n<ol>\n<li><a href=\"https:\/\/get.adobe.com\/es\/reader\/\" target=\"_blank\" rel=\"noopener\">Adobe Reader <\/a><\/li>\n<\/ol>\n<\/li>\n<li>Para Documentos en Doc, Excel, Ods, Csv, entre otros tipos:\n<ol>\n<li><a href=\"https:\/\/support.microsoft.com\/es-es\/office\/obtenga-acceso-r%c3%a1pido-a-sus-archivos-de-office-en-el-explorador-dc1024b4-92be-46eb-81a7-aea85368baa0?ui=es-es&amp;rs=es-es&amp;ad=es\" target=\"_blank\" rel=\"noopener\">Microsoft Office:<\/a> <a href=\"https:\/\/chrome.google.com\/webstore\/detail\/office\/ndjpnladcallmjemlbaebfadecfhkepb?hl=es-419\" target=\"_blank\" rel=\"noopener\">Extensi\u00f3n para Chrome<\/a> &#8211;\u00a0<a href=\"https:\/\/www.microsoft.com\/es-us\/p\/office-online\/9nblggh4v88g?activetab=pivot%3aoverviewtab\" target=\"_blank\" rel=\"noopener\">Extensi\u00f3n para\u00a0 Microsoft Edge.<\/a><\/li>\n<li><a href=\"https:\/\/www.google.com\/intl\/es\/docs\/about\/\" target=\"_blank\" rel=\"noopener\">Google Documentos<\/a>.<\/li>\n<\/ol>\n<\/li>\n<\/ul>\n<\/p><\/div><\/div><\/div><\/div><\/div><\/div><\/section>\n<div style=\"clear:both;\"><\/div>","protected":false},"excerpt":{"rendered":"PLAN ESTRAT\u00c9GICO INSTITUCIONAL PLANIFICACI\u00d3N OPERATIVO ANUAL (POA) MEMORIAS INSTITUCIONALES PLAN ESTRAT\u00c9GICO INSTITUCIONAL \/\/ 2023-2024 &nbsp; 2022 &nbsp; 2021 &nbsp; 2018 - 2020 &nbsp; 2015 - 2017 &nbsp; PLANIFICACI\u00d3N OPERATIVO ANUAL...","protected":false},"author":15,"featured_media":0,"parent":0,"menu_order":0,"comment_status":"closed","ping_status":"closed","template":"","meta":{"footnotes":""},"class_list":["post-489816","page","type-page","status-publish","hentry"],"_links":{"self":[{"href":"https:\/\/edenorte.com.do\/transparencia\/wp-json\/wp\/v2\/pages\/489816","targetHints":{"allow":["GET"]}}],"collection":[{"href":"https:\/\/edenorte.com.do\/transparencia\/wp-json\/wp\/v2\/pages"}],"about":[{"href":"https:\/\/edenorte.com.do\/transparencia\/wp-json\/wp\/v2\/types\/page"}],"author":[{"embeddable":true,"href":"https:\/\/edenorte.com.do\/transparencia\/wp-json\/wp\/v2\/users\/15"}],"replies":[{"embeddable":true,"href":"https:\/\/edenorte.com.do\/transparencia\/wp-json\/wp\/v2\/comments?post=489816"}],"version-history":[{"count":26,"href":"https:\/\/edenorte.com.do\/transparencia\/wp-json\/wp\/v2\/pages\/489816\/revisions"}],"predecessor-version":[{"id":1026634,"href":"https:\/\/edenorte.com.do\/transparencia\/wp-json\/wp\/v2\/pages\/489816\/revisions\/1026634"}],"wp:attachment":[{"href":"https:\/\/edenorte.com.do\/transparencia\/wp-json\/wp\/v2\/media?parent=489816"}],"curies":[{"name":"wp","href":"https:\/\/api.w.org\/{rel}","templated":true}]}}