{"id":112821,"date":"2018-09-10T15:36:01","date_gmt":"2018-09-10T19:36:01","guid":{"rendered":"https:\/\/edenorte.com.do\/transparencia\/?page_id=112821"},"modified":"2025-04-30T10:31:15","modified_gmt":"2025-04-30T14:31:15","slug":"programa-de-expansion-de-redes-y-reduccion-de-perdidas-tecnicas-electricas-en-distribucion","status":"publish","type":"page","link":"https:\/\/edenorte.com.do\/transparencia\/programa-de-expansion-de-redes-y-reduccion-de-perdidas-tecnicas-electricas-en-distribucion\/","title":{"rendered":"Programa de Expansi\u00f3n de Redes y Reducci\u00f3n de P\u00e9rdidas T\u00e9cnicas El\u00e9ctricas en Distribuci\u00f3n"},"content":{"rendered":"\t\t<div data-elementor-type=\"wp-page\" data-elementor-id=\"112821\" class=\"elementor elementor-112821\">\n\t\t\t\t\t\t<section class=\"elementor-section elementor-top-section elementor-element elementor-element-376d7b3 elementor-section-boxed elementor-section-height-default elementor-section-height-default\" data-id=\"376d7b3\" data-element_type=\"section\">\n\t\t\t\t\t\t<div class=\"elementor-container elementor-column-gap-default\">\n\t\t\t\t\t<div class=\"elementor-column elementor-col-100 elementor-top-column elementor-element elementor-element-2ea7d6f\" data-id=\"2ea7d6f\" data-element_type=\"column\">\n\t\t\t<div class=\"elementor-widget-wrap elementor-element-populated\">\n\t\t\t\t\t\t<div class=\"elementor-element elementor-element-90270d1 elementor-widget elementor-widget-text-editor\" data-id=\"90270d1\" data-element_type=\"widget\" data-widget_type=\"text-editor.default\">\n\t\t\t\t<div class=\"elementor-widget-container\">\n\t\t\t\t\t\t\t<p style=\"text-align: justify;\">EDENORTE implementa esta iniciativa para aumentar la eficiencia operativa y la capacidad para satisfacer la creciente demanda el\u00e9ctrica de Edenorte Dominicana, a trav\u00e9s de la renovaci\u00f3n y adici\u00f3n de subestaciones en condiciones financieras y ambientalmente sostenibles.<\/p><p style=\"text-align: justify;\">Los fondos para la ejecuci\u00f3n de este Programa ser\u00e1n obtenidos del Fondo OPEP para el Desarrollo Internacional (OFID), a trav\u00e9s del pr\u00e9stamo OFID 15216P y 15217P.<\/p><h6 style=\"text-align: justify;\"><span style=\"color: #1b98e0;\"><strong>Objetivo del<span style=\"color: #1b98e0;\"> Program<\/span>a:<\/strong><\/span><\/h6><p style=\"text-align: justify;\">El objetivo general del Programa es aumentar la sostenibilidad y la eficiencia operativa de EDENORTE y EDEESTE a trav\u00e9s de:<\/p>\t\t\t\t\t\t<\/div>\n\t\t\t\t<\/div>\n\t\t\t\t<div class=\"elementor-element elementor-element-f5a8329 elementor-icon-list--layout-traditional elementor-list-item-link-full_width elementor-widget elementor-widget-icon-list\" data-id=\"f5a8329\" data-element_type=\"widget\" data-widget_type=\"icon-list.default\">\n\t\t\t\t<div class=\"elementor-widget-container\">\n\t\t\t\t\t<ul class=\"elementor-icon-list-items\">\n\t\t\t\t\t\t\t<li class=\"elementor-icon-list-item\">\n\t\t\t\t\t\t\t\t\t\t\t<span class=\"elementor-icon-list-icon\">\n\t\t\t\t\t\t\t<i aria-hidden=\"true\" class=\"fas fa-arrow-circle-right\"><\/i>\t\t\t\t\t\t<\/span>\n\t\t\t\t\t\t\t\t\t\t<span class=\"elementor-icon-list-text\">La reducci\u00f3n de las p\u00e9rdidas t\u00e9cnicas el\u00e9ctricas.<\/span>\n\t\t\t\t\t\t\t\t\t<\/li>\n\t\t\t\t\t\t\t\t<li class=\"elementor-icon-list-item\">\n\t\t\t\t\t\t\t\t\t\t\t<span class=\"elementor-icon-list-icon\">\n\t\t\t\t\t\t\t<i aria-hidden=\"true\" class=\"fas fa-arrow-circle-right\"><\/i>\t\t\t\t\t\t<\/span>\n\t\t\t\t\t\t\t\t\t\t<span class=\"elementor-icon-list-text\">El mejoramiento del suministro el\u00e9ctrico.<\/span>\n\t\t\t\t\t\t\t\t\t<\/li>\n\t\t\t\t\t\t\t\t<li class=\"elementor-icon-list-item\">\n\t\t\t\t\t\t\t\t\t\t\t<span class=\"elementor-icon-list-icon\">\n\t\t\t\t\t\t\t<i aria-hidden=\"true\" class=\"fas fa-arrow-circle-right\"><\/i>\t\t\t\t\t\t<\/span>\n\t\t\t\t\t\t\t\t\t\t<span class=\"elementor-icon-list-text\">El mejoramiento de la capacidad para satisfacer la creciente demanda de servicios, mediante la modernizaci\u00f3n y adici\u00f3n de infraestructura de distribuci\u00f3n, en condiciones ambiental y financieramente sostenibles.<\/span>\n\t\t\t\t\t\t\t\t\t<\/li>\n\t\t\t\t\t\t<\/ul>\n\t\t\t\t<\/div>\n\t\t\t\t<\/div>\n\t\t\t\t<div class=\"elementor-element elementor-element-0e37ced elementor-widget elementor-widget-text-editor\" data-id=\"0e37ced\" data-element_type=\"widget\" data-widget_type=\"text-editor.default\">\n\t\t\t\t<div class=\"elementor-widget-container\">\n\t\t\t<script type=\"text\/javascript\" src=\"https:\/\/code.jquery.com\/jquery-2.2.4.min.js?ver=2.2.s\" id=\"jquery-js\"><\/script>\n<script type=\"text\/javascript\" src=\"https:\/\/edenorte.com.do\/transparencia\/wp-content\/plugins\/wp-filebase-pro\/extras\/jquery\/treeview\/jquery.treeview-async-edit.min.js?ver=3.4.32\" id=\"wpfb-treeview-js\"><\/script>\n<link rel='stylesheet' id='wpfb-treeview-css' href='https:\/\/edenorte.com.do\/transparencia\/wp-content\/plugins\/wp-filebase-pro\/extras\/jquery\/treeview\/jquery.treeview.css?ver=3.4.32' type='text\/css' media='all' \/>\n        <script type=\"text\/javascript\">\r\n            \/\/<![CDATA[\r\n            function wpfb_initfbbd83ab4a187d491d1b4b59994381e2f0() {\r\n                jQuery(\"#wpfb-filebrowser-1\").treeview(wpfb_fbsetsbd83ab4a187d491d1b4b59994381e2f0 = {\r\n                    url: \"\/\/edenorte.com.do\/transparencia\/?wpfilebase_ajax=1\",\r\n                    ajax: {\r\n                        data:{\"private\":0,\"sort\":{\"file\":null,\"cat\":null},\"wpfb_action\":\"tree\",\"type\":\"browser\",\"base\":6051},\r\n                        type: \"post\",\r\n                        error: function (x, status, error) {\r\n                            if (error) alert(error);\r\n                        },\r\n                        complete: function (x, status) {\r\n                            if (typeof (wpfb_setupLinks) == 'function') wpfb_setupLinks();\r\n                        }\r\n                    },\r\n                    animated: \"medium\"\r\n                }).data(\"settings\", wpfb_fbsetsbd83ab4a187d491d1b4b59994381e2f0);\r\n            }\r\n            jQuery(document).ready(function () {\r\n                var fel = jQuery(\"#wpfb-filebrowser-1\");\r\n                if ('function' != typeof fel.treeview) {\r\n                    jQuery.when(\r\n                                                jQuery.getScript('https:\/\/edenorte.com.do\/transparencia\/wp-content\/plugins\/wp-filebase-pro\/extras\/jquery\/treeview\/jquery.treeview-async-edit.min.js'),\r\n                                                jQuery.Deferred(function (deferred) {\r\n                            jQuery(deferred.resolve);\r\n                        })\r\n                    ).done(function () {\r\n                        wpfb_initfbbd83ab4a187d491d1b4b59994381e2f0();\r\n                    });\r\n                } else {\r\n                    wpfb_initfbbd83ab4a187d491d1b4b59994381e2f0();\r\n                }\r\n            });\r\n            \/\/]]>\r\n        <\/script>\r\n        \t\t\t\t<h6 style=\"text-align: left;\"><strong><span style=\"color: #1b98e0;\">Componente I: Construcci\u00f3n y habilitaci\u00f3n de nuevas subestaciones de distribuci\u00f3n y sus redes asociadas<\/span><\/strong><\/h6><p style=\"text-align: justify;\">El objetivo de este componente se enfoca en: (i) la construcci\u00f3n de nuevas subestaciones (incluyendo transformadores de potencia) y redes de media tensi\u00f3n; (ii) la adquisici\u00f3n e implementaci\u00f3n de reconectadores y macromedidores de media tensi\u00f3n; (iii) la adquisici\u00f3n de subestaciones m\u00f3viles; (iv) la adquisici\u00f3n de terrenos relacionados con las subestaciones; y (v) los servicios de consultor\u00eda y estudios de ingenier\u00eda de detalle requeridos para las obras que se realizar\u00e1n bajo este componente.<\/p><h6 style=\"text-align: left;\"><span style=\"color: #1b98e0;\"><strong>Componente II: Rehabilitaci\u00f3n y adecuaci\u00f3n de subestaciones existentes y sus redes asociadas<\/strong><\/span><\/h6><p style=\"text-align: justify;\">Este\u00a0 componente financiar\u00e1: (i) la modernizaci\u00f3n de subestaciones para aumentar sus capacidades hasta los niveles t\u00e9cnicamente recomendados; (ii) la adaptaci\u00f3n y reconfiguraci\u00f3n de subestaciones; (iii) la adquisici\u00f3n e instalaci\u00f3n de transformadores de potencia para las subestaciones existentes; (iv) la construcci\u00f3n de redes de media tensi\u00f3n; (v) la adquisici\u00f3n e implementaci\u00f3n de reconectadores y macromedidores de media tensi\u00f3n; y (vi) los servicios de consultor\u00eda y estudios de ingenier\u00eda de detalle requeridos para las obras a ser ejecutadas bajo este componente.<\/p><h6 style=\"text-align: left;\"><strong><span style=\"color: #1b98e0;\">Componente III: Fortalecimiento institucional, acercamiento comunitario, administraci\u00f3n y monitoreo<\/span><\/strong><\/h6><p style=\"text-align: justify;\">Este componente abarca: (i) actividades de coordinaci\u00f3n, implementaci\u00f3n, seguimiento y evaluaci\u00f3n del Programa; (ii) servicios de auditor\u00eda financiera anual; (iii) servicios de auditor\u00eda t\u00e9cnica; (iv) consultores para la supervisi\u00f3n t\u00e9cnica; (v) gastos relacionados de las UEP, incluyendo especialistas y personal de apoyo; y (vi) otros gastos operativos.<\/p><ul id=\"wpfb-filebrowser-1\" class=\"treeview\"><li id=\"0\" class=\"\"><span class=\"\">\u00a1Acceso a la categor\u00eda denegada!<\/span><\/li>\n<\/ul><div style=\"clear:both;\"><\/div>\t\t\t\t\t\t<\/div>\n\t\t\t\t<\/div>\n\t\t\t\t\t<\/div>\n\t\t<\/div>\n\t\t\t\t\t<\/div>\n\t\t<\/section>\n\t\t\t\t<\/div>\n\t\t<div style=\"clear:both;\"><\/div>","protected":false},"excerpt":{"rendered":"<p>EDENORTE implementa esta iniciativa para aumentar la eficiencia operativa y la capacidad para satisfacer la creciente demanda el\u00e9ctrica de Edenorte Dominicana, a trav\u00e9s de la renovaci\u00f3n y adici\u00f3n de subestaciones&#8230;<\/p>\n","protected":false},"author":15,"featured_media":0,"parent":0,"menu_order":0,"comment_status":"closed","ping_status":"closed","template":"","meta":{"footnotes":""},"class_list":["post-112821","page","type-page","status-publish","hentry"],"_links":{"self":[{"href":"https:\/\/edenorte.com.do\/transparencia\/wp-json\/wp\/v2\/pages\/112821","targetHints":{"allow":["GET"]}}],"collection":[{"href":"https:\/\/edenorte.com.do\/transparencia\/wp-json\/wp\/v2\/pages"}],"about":[{"href":"https:\/\/edenorte.com.do\/transparencia\/wp-json\/wp\/v2\/types\/page"}],"author":[{"embeddable":true,"href":"https:\/\/edenorte.com.do\/transparencia\/wp-json\/wp\/v2\/users\/15"}],"replies":[{"embeddable":true,"href":"https:\/\/edenorte.com.do\/transparencia\/wp-json\/wp\/v2\/comments?post=112821"}],"version-history":[{"count":6,"href":"https:\/\/edenorte.com.do\/transparencia\/wp-json\/wp\/v2\/pages\/112821\/revisions"}],"predecessor-version":[{"id":1034357,"href":"https:\/\/edenorte.com.do\/transparencia\/wp-json\/wp\/v2\/pages\/112821\/revisions\/1034357"}],"wp:attachment":[{"href":"https:\/\/edenorte.com.do\/transparencia\/wp-json\/wp\/v2\/media?parent=112821"}],"curies":[{"name":"wp","href":"https:\/\/api.w.org\/{rel}","templated":true}]}}