{"id":1025902,"date":"2021-06-01T12:16:01","date_gmt":"2021-06-01T16:16:01","guid":{"rendered":"https:\/\/edenorte.com.do\/transparencia\/?page_id=1025902"},"modified":"2025-05-14T08:41:11","modified_gmt":"2025-05-14T12:41:11","slug":"enlace-directo-al-portal-unico-de-solicitud-de-informacion-publica-saip","status":"publish","type":"page","link":"https:\/\/edenorte.com.do\/transparencia\/enlace-directo-al-portal-unico-de-solicitud-de-informacion-publica-saip\/","title":{"rendered":"Enlace directo al portal \u00danico de Solicitud de Informaci\u00f3n P\u00fablica (SAIP)"},"content":{"rendered":"<section class=\"l-section wpb_row height_medium\"><div class=\"l-section-h i-cf\"><div class=\"g-cols offset_small\"><div class=\"vc_col-sm-12 wpb_column\"><div class=\"vc_column-inner\"><div class=\"wpb_text_column \"><div class=\"wpb_wrapper\"><p>A trav\u00e9s de este sistema los ciudadanos pueden realizar sus solicitudes de acceso a la informaci\u00f3n p\u00fablica de forma f\u00e1cil, \u00e1gil y desde cualquier punto de la geograf\u00eda nacional o mundial, salvando con esto los costos de traslado, y acercando por ende el Estado a la sociedad a trav\u00e9s del uso intensivo de las tecnolog\u00edas de la informaci\u00f3n y comunicaci\u00f3n, facilitando el control social, la transparencia, la participaci\u00f3n y colaboraci\u00f3n ciudadanas.<br \/>\nPuede llenar su solicitud haciendo <a href='https:\/\/www.saip.gob.do\/apps\/sip\/?step=one' class='arconix-button arconix-button-large arconix-button-white'><i class='fa  fas fa-mouse-pointer'><\/i>Clic Aqu\u00ed<\/a><\/p><\/div> <\/div> <div class=\"w-separator type_short size_medium thick_1 style_solid color_border cont_text\"><span class=\"w-separator-h\"><h6>CONTACTO<\/h6><\/span><\/div><\/div><\/div><\/div><\/div><\/section><section class=\"l-section wpb_row height_medium\" style=\"margin-top: 1px !important;margin-right: 1px !important;margin-bottom: 0px !important;margin-left: 1px !important;border-top-width: 1px !important;border-right-width: 1px !important;border-bottom-width: 0px !important;border-left-width: 1px !important;padding-top: 1px !important;padding-right: 1px !important;padding-bottom: 0px !important;padding-left: 1px !important;\"><div class=\"l-section-h i-cf\"><div class=\"g-cols offset_small\"><div class=\"vc_col-sm-12 wpb_column\"><div class=\"vc_column-inner\"><div class=\"w-iconbox iconpos_top size_tiny style_circle color_primary\"><div class=\"w-iconbox-icon\"><i class=\"mdfi_communication_contacts\"><\/i><\/div><h4 class=\"w-iconbox-title\">Albert Joel Padilla Rosario<\/h4><div class=\"w-iconbox-text\">\n<div style=\"font-weight: bold;\">Responsable de Acceso Informaci\u00f3n.<\/div>\n<\/div><\/div><\/div><\/div><\/div><\/div><\/section><section class=\"l-section wpb_row height_medium width_full color_custom\" style=\"background-color: #f4f4f4;margin-top: 1px !important;margin-right: 1px !important;margin-bottom: 1px !important;margin-left: 1px !important;border-top-width: 1px !important;border-right-width: 1px !important;border-bottom-width: 1px !important;border-left-width: 1px !important;padding-top: 1px !important;padding-right: 1px !important;padding-bottom: 1px !important;\"><div class=\"l-section-h i-cf\"><div class=\"g-cols offset_none valign_middle\"><div class=\"vc_col-sm-6 wpb_column\"><div class=\"vc_column-inner\"><div class=\"w-iconbox iconpos_top size_tiny style_outlined color_primary\"><div class=\"w-iconbox-icon\"><i class=\"mdfi_device_access_time\"><\/i><\/div><h4 class=\"w-iconbox-title\">Horario Laborable<\/h4><div class=\"w-iconbox-text\">Lunes a Viernes de 8:00 A.M. &#8211; 5:00 P.M.<\/div><\/div><div class=\"w-iconbox iconpos_top size_tiny style_outlined color_primary\"><div class=\"w-iconbox-icon\"><i class=\"fa fa-phone\"><\/i><\/div><h4 class=\"w-iconbox-title\">Contacto Telef\u00f3nico<\/h4><div class=\"w-iconbox-text\">\n<div class=\"w-contacts\">\n<div class=\"w-contacts-list\">\n<div class=\"w-contacts-item for_phone\">\n      <span class=\"w-contacts-item-value\"><br \/>\n        <a href=\"tel:8092419090\">809-241-9090<\/a>, Ext. 5331 o<br \/>\n        <a href=\"tel:8494103740\">849-410-3740<\/a><br \/>\n      <\/span>\n    <\/div><\/div>\n<\/div>\n<\/div><\/div><\/div><\/div><div class=\"vc_col-sm-6 wpb_column\"><div class=\"vc_column-inner\"><div class=\"w-iconbox iconpos_top size_tiny style_outlined color_primary\"><div class=\"w-iconbox-icon\"><i class=\"fa fa-map\"><\/i><\/div><h4 class=\"w-iconbox-title\">Ubicaci\u00f3n F\u00edsica<\/h4><div class=\"w-iconbox-text\">Av. Juan Pablo Duarte #74, Santiago de los Caballeros, Rep\u00fablica Dominicana.<\/div><\/div><div class=\"w-iconbox iconpos_top size_tiny style_outlined color_primary\"><div class=\"w-iconbox-icon\"><i class=\"fa fa-envelope\"><\/i><\/div><h4 class=\"w-iconbox-title\">Correo Electr\u00f3nico <\/h4><div class=\"w-iconbox-text\">\n<div class=\"w-contacts\">\n<div class=\"w-contacts-list\">\n<div class=\"w-contacts-item for_email\">\n      <span class=\"w-contacts-item-value\"><br \/>\n        <a href=\"mailto:apadillar@edenorte.com.do\">apadillar@edenorte.com.do<\/a> \/<br \/>\n        <a href=\"mailto:oai@edenorte.com.do\">oai@edenorte.com.do<\/a><br \/>\n      <\/span><\/div>\n<\/div>\n<\/div>\n<\/div><\/div><\/div><\/div><\/div><\/div><\/section>\n<div style=\"clear:both;\"><\/div>","protected":false},"excerpt":{"rendered":"A trav\u00e9s de este sistema los ciudadanos pueden realizar sus solicitudes de acceso a la informaci\u00f3n p\u00fablica de forma f\u00e1cil, \u00e1gil y desde cualquier punto de la geograf\u00eda nacional o...","protected":false},"author":15,"featured_media":0,"parent":0,"menu_order":0,"comment_status":"closed","ping_status":"closed","template":"","meta":{"footnotes":""},"class_list":["post-1025902","page","type-page","status-publish","hentry"],"_links":{"self":[{"href":"https:\/\/edenorte.com.do\/transparencia\/wp-json\/wp\/v2\/pages\/1025902","targetHints":{"allow":["GET"]}}],"collection":[{"href":"https:\/\/edenorte.com.do\/transparencia\/wp-json\/wp\/v2\/pages"}],"about":[{"href":"https:\/\/edenorte.com.do\/transparencia\/wp-json\/wp\/v2\/types\/page"}],"author":[{"embeddable":true,"href":"https:\/\/edenorte.com.do\/transparencia\/wp-json\/wp\/v2\/users\/15"}],"replies":[{"embeddable":true,"href":"https:\/\/edenorte.com.do\/transparencia\/wp-json\/wp\/v2\/comments?post=1025902"}],"version-history":[{"count":27,"href":"https:\/\/edenorte.com.do\/transparencia\/wp-json\/wp\/v2\/pages\/1025902\/revisions"}],"predecessor-version":[{"id":1034465,"href":"https:\/\/edenorte.com.do\/transparencia\/wp-json\/wp\/v2\/pages\/1025902\/revisions\/1034465"}],"wp:attachment":[{"href":"https:\/\/edenorte.com.do\/transparencia\/wp-json\/wp\/v2\/media?parent=1025902"}],"curies":[{"name":"wp","href":"https:\/\/api.w.org\/{rel}","templated":true}]}}